{"id":858,"date":"2024-09-26T11:48:42","date_gmt":"2024-09-26T03:48:42","guid":{"rendered":"https:\/\/www.znzi.net\/?post_type=product&#038;p=858"},"modified":"2025-10-22T09:54:14","modified_gmt":"2025-10-22T01:54:14","slug":"carbon-fiber-warming-blanket","status":"publish","type":"product","link":"https:\/\/www.znzi.net\/pt\/products\/carbon-fiber-warming-blanket\/","title":{"rendered":"Manta de aquecimento em fibra de carbono"},"content":{"rendered":"<h2>Descri\u00e7\u00e3o<\/h2>\n<p>O produto \u00e9 composto por uma unidade de aquecimento, um sensor e uma manta de fibra de carbono. Ao gerar calor a partir de energia el\u00e9ctrica, pode aquecer o corpo do paciente in vitro, prevenindo e tratando eficazmente a hipotermia.<\/p>\n<p>&nbsp;<\/p>\n<h2>Desempenho do modelo da unidade de aquecimento<\/h2>\n<table style=\"border-collapse: collapse; width: 855.77pt;\" border=\"0\" width=\"1141\" cellspacing=\"0\" cellpadding=\"0\">\n<tbody>\n<tr style=\"height: 72.00pt;\">\n<td class=\"et3\" style=\"height: 72pt; width: 122.25pt; text-align: center;\" width=\"163\" height=\"96\"><\/td>\n<td class=\"et4\" style=\"width: 122.25pt; text-align: center;\" width=\"163\">ZZSW310<\/td>\n<td class=\"et4\" style=\"width: 122.25pt; text-align: center;\" width=\"163\">ZZSW510<\/td>\n<td class=\"et4\" style=\"width: 122.25pt; text-align: center;\" width=\"163\">ZZSW320<\/td>\n<td class=\"et4\" style=\"width: 122.25pt; text-align: center;\" width=\"163\">ZZSW620<\/td>\n<td class=\"et4\" style=\"width: 122.25pt; text-align: center;\" width=\"163\">ZZSW330<\/td>\n<td class=\"et4\" style=\"width: 122.25pt; text-align: center;\" width=\"163\">ZZSW630<\/td>\n<\/tr>\n<tr style=\"height: 50.00pt;\">\n<td class=\"et4\" style=\"height: 50pt; text-align: center;\" height=\"66\">Canal<\/td>\n<td class=\"et5\" style=\"border-right: 0.5pt solid #000000; text-align: center;\" colspan=\"2\">Canal \u00fanico<\/td>\n<td class=\"et5\" style=\"border-right: 0.5pt solid #000000; text-align: center;\" colspan=\"2\">Duplo canal<\/td>\n<td class=\"et5\" style=\"border-right: 0.5pt solid #000000; text-align: center;\" colspan=\"2\">Canal de tr\u00eas vias<\/td>\n<\/tr>\n<tr style=\"height: 57.00pt;\">\n<td class=\"et4\" style=\"height: 57pt; text-align: center;\" height=\"76\">Modo de funcionamento<\/td>\n<td class=\"et5\" style=\"border-right: 0.5pt solid #000000; text-align: center;\" colspan=\"3\">Funcionamento manual<\/td>\n<td class=\"et8\" style=\"width: 122.25pt; text-align: center;\" width=\"163\">Funcionamento manual<br \/>\n&amp;Autom\u00e1tico<\/td>\n<td class=\"et3\" style=\"text-align: center;\">Funcionamento manual<\/td>\n<td class=\"et8\" style=\"width: 122.25pt; text-align: center;\" width=\"163\">Funcionamento manual<br \/>\n&amp;Autom\u00e1tico<\/td>\n<\/tr>\n<tr style=\"height: 57.00pt;\">\n<td class=\"et9\" style=\"height: 57pt; width: 122.25pt; text-align: center;\" width=\"163\" height=\"76\">Temperatura corporal<br \/>\nControlo<\/td>\n<td class=\"et10\" style=\"text-align: center;\">\u00d7<\/td>\n<td class=\"et10\" style=\"text-align: center;\">\u00d7<\/td>\n<td class=\"et10\" style=\"text-align: center;\">\u00d7<\/td>\n<td class=\"et10\" style=\"text-align: center;\">\u221a<\/td>\n<td class=\"et10\" style=\"text-align: center;\">\u00d7<\/td>\n<td class=\"et10\" style=\"text-align: center;\">\u221a<\/td>\n<\/tr>\n<\/tbody>\n<\/table>\n<p>&nbsp;<\/p>\n<h2>Definir temperatura<\/h2>\n<p>A faixa de controle de temperatura da opera\u00e7\u00e3o manual do cobertor de fibra de carbono \u00e9 ajust\u00e1vel de 32 \u00b0 C a 39 \u00b0 C, com passo de 0,1 \u00b0 C \uff1b<\/p>\n<p>O intervalo de defini\u00e7\u00e3o da temperatura de funcionamento autom\u00e1tico \u00e9 ajust\u00e1vel em 34,5\u00b0C a 37\u00b0C, com um passo de 0,1\u00b0C.<\/p>\n<p>&nbsp;<\/p>\n<p><!--more--><\/p>","protected":false},"excerpt":{"rendered":"<p>O produto \u00e9 composto por uma unidade de aquecimento, um sensor e uma manta de fibra de carbono.<\/p>\n<h4>Destaque:<\/h4>\n<ul>\n<li>\u00a0Suave e confort\u00e1vel<\/li>\n<li>Sondas de temperatura m\u00faltiplas<\/li>\n<li>Alguns modelos t\u00eam baterias<\/li>\n<li>A temperatura atual pode ser apresentada.<\/li>\n<\/ul>\n<p>&nbsp;<\/p>","protected":false},"featured_media":1031,"template":"","meta":{"_seopress_robots_primary_cat":"none","_seopress_titles_title":"","_seopress_titles_desc":"","_seopress_robots_index":"","_gspb_post_css":""},"product_cat":[28,21],"product_tag":[],"class_list":{"0":"post-858","1":"product","2":"type-product","3":"status-publish","4":"has-post-thumbnail","6":"product_cat-carbon-fiber-warming-blanket","7":"product_cat-temperature-solution","9":"first","10":"instock","11":"shipping-taxable","12":"product-type-simple"},"_links":{"self":[{"href":"https:\/\/www.znzi.net\/pt\/wp-json\/wp\/v2\/product\/858"}],"collection":[{"href":"https:\/\/www.znzi.net\/pt\/wp-json\/wp\/v2\/product"}],"about":[{"href":"https:\/\/www.znzi.net\/pt\/wp-json\/wp\/v2\/types\/product"}],"wp:featuredmedia":[{"embeddable":true,"href":"https:\/\/www.znzi.net\/pt\/wp-json\/wp\/v2\/media\/1031"}],"wp:attachment":[{"href":"https:\/\/www.znzi.net\/pt\/wp-json\/wp\/v2\/media?parent=858"}],"wp:term":[{"taxonomy":"product_cat","embeddable":true,"href":"https:\/\/www.znzi.net\/pt\/wp-json\/wp\/v2\/product_cat?post=858"},{"taxonomy":"product_tag","embeddable":true,"href":"https:\/\/www.znzi.net\/pt\/wp-json\/wp\/v2\/product_tag?post=858"}],"curies":[{"name":"wp","href":"https:\/\/api.w.org\/{rel}","templated":true}]}}