{"id":846,"date":"2024-09-26T10:50:53","date_gmt":"2024-09-26T02:50:53","guid":{"rendered":"https:\/\/www.znzi.net\/?post_type=product&#038;p=846"},"modified":"2024-09-30T17:11:33","modified_gmt":"2024-09-30T09:11:33","slug":"disposable-non-woven-blanket","status":"publish","type":"product","link":"https:\/\/www.znzi.net\/pt\/products\/disposable-non-woven-blanket\/","title":{"rendered":"Cobertor n\u00e3o tecido descart\u00e1vel"},"content":{"rendered":"<h2 style=\"text-align: center;\">Carater\u00edstica do produto<\/h2>\n<h3>Bom efeito de aquecimento<\/h3>\n<p>O material da manta \u00e9 macio e n\u00e3o agride a pele, podendo transmitir raios X. O tipo perfurado \u00e9 selecionado para fazer o orif\u00edcio de ventila\u00e7\u00e3o, de modo a que o ar quente seja uniformemente disperso e o efeito de ventila\u00e7\u00e3o seja realizado. Sele\u00e7\u00e3o de material respir\u00e1vel microporoso estrutural com filtragem de camadas de tecnologia fundida, sem vento e ventila\u00e7\u00e3o uniforme, para garantir uma transfer\u00eancia de calor uniforme. N\u00e3o \u00e9 f\u00e1cil de partir, n\u00e3o flutua.<\/p>\n<p>&nbsp;<\/p>\n<h3>As especifica\u00e7\u00f5es s\u00e3o ricas, inovadoras e flex\u00edveis<\/h3>\n<p>Existem 32 tipos de cobertores, alguns dos quais incluem uma pel\u00edcula de pl\u00e1stico transparente que cobre a cabe\u00e7a do doente, para que o m\u00e9dico possa observar claramente o doente. O cobertor do tapete foi concebido com orif\u00edcios de drenagem e linhas pontilhadas de press\u00e3o em ambos os lados para recolher o l\u00edquido intra-operat\u00f3rio, o que pode prevenir as \u00falceras de press\u00e3o e evitar o perigo oculto causado pelo l\u00edquido intra-operat\u00f3rio para a seguran\u00e7a dos doentes.<\/p>\n<p>&nbsp;<\/p>\n<h3>F\u00e1cil de utilizar<\/h3>\n<p>A entrada de ar da manta \u00e9 compat\u00edvel com os dispositivos de outros fabricantes. Alguns modelos t\u00eam v\u00e1rias entradas de ar, o que \u00e9 conveniente para utiliza\u00e7\u00e3o cl\u00ednica. O espa\u00e7o \u00e9 reservado em ambos os lados para fixar os cobertores.<\/p>\n<p>&nbsp;<\/p>\n<h3>Produto patenteado<\/h3>\n<p>O cobertor adopta a tecnologia de cabe\u00e7alho central, e h\u00e1 bariers de ar em ambos os lados para formar um espa\u00e7o fechado para garantir que a distribui\u00e7\u00e3o de calor do cobertor \u00e9 uniforme e eficiente, e para melhorar o efeito de aquecimento global.<\/p>\n<p>&nbsp;<\/p>\n<p><img loading=\"lazy\" decoding=\"async\" class=\"alignnone size-full wp-image-930\" src=\"https:\/\/www.znzi.net\/wp-content\/uploads\/2024\/09\/111.gif\" alt=\"\" width=\"1600\" height=\"615\" \/><\/p>\n<p>&nbsp;<\/p>\n<h2 style=\"text-align: center;\">Alguns modelos Cobertores<\/h2>\n<p><img loading=\"lazy\" decoding=\"async\" class=\"alignnone size-full wp-image-927\" src=\"https:\/\/www.znzi.net\/wp-content\/uploads\/2024\/09\/\u6bef\u5b50-1.gif\" alt=\"\" width=\"1600\" height=\"1800\" \/><\/p>\n<p>&nbsp;<\/p>\n<h2 style=\"text-align: center;\">Dicas de aquecimento<\/h2>\n<p>Os cobertores s\u00e3o adequados para a maioria das marcas de dispositivos de aquecimento, mas para obter um melhor efeito de aquecimento, sugerimos que os combine com o nosso pr\u00f3prio dispositivo de aquecimento. Dispomos de v\u00e1rios aparelhos para sele\u00e7\u00e3o.<\/p>","protected":false},"excerpt":{"rendered":"<p><strong>Destaque:\u00a0\u00a0<\/strong><\/p>\n<ol>\n<li>A linha de produ\u00e7\u00e3o autom\u00e1tica desenvolvida pela pr\u00f3pria empresa produz rapidamente v\u00e1rios modelos e especifica\u00e7\u00f5es.<\/li>\n<li class=\"sps2-pdp_details--highlights_item mds-font_paragraph\">Existem 32 tipos de cobertores que podem ser utilizados em posi\u00e7\u00e3o supina, prona, litotomia e outras posi\u00e7\u00f5es do doente.<\/li>\n<\/ol>","protected":false},"featured_media":849,"template":"","meta":{"_seopress_robots_primary_cat":"none","_seopress_titles_title":"","_seopress_titles_desc":"","_seopress_robots_index":"","_gspb_post_css":""},"product_cat":[21,24],"product_tag":[],"class_list":{"0":"post-846","1":"product","2":"type-product","3":"status-publish","4":"has-post-thumbnail","6":"product_cat-temperature-solution","7":"product_cat-warming-blanket","9":"first","10":"instock","11":"shipping-taxable","12":"product-type-simple"},"_links":{"self":[{"href":"https:\/\/www.znzi.net\/pt\/wp-json\/wp\/v2\/product\/846"}],"collection":[{"href":"https:\/\/www.znzi.net\/pt\/wp-json\/wp\/v2\/product"}],"about":[{"href":"https:\/\/www.znzi.net\/pt\/wp-json\/wp\/v2\/types\/product"}],"wp:featuredmedia":[{"embeddable":true,"href":"https:\/\/www.znzi.net\/pt\/wp-json\/wp\/v2\/media\/849"}],"wp:attachment":[{"href":"https:\/\/www.znzi.net\/pt\/wp-json\/wp\/v2\/media?parent=846"}],"wp:term":[{"taxonomy":"product_cat","embeddable":true,"href":"https:\/\/www.znzi.net\/pt\/wp-json\/wp\/v2\/product_cat?post=846"},{"taxonomy":"product_tag","embeddable":true,"href":"https:\/\/www.znzi.net\/pt\/wp-json\/wp\/v2\/product_tag?post=846"}],"curies":[{"name":"wp","href":"https:\/\/api.w.org\/{rel}","templated":true}]}}