{"id":840,"date":"2024-09-26T09:31:03","date_gmt":"2024-09-26T01:31:03","guid":{"rendered":"https:\/\/www.znzi.net\/?post_type=product&#038;p=840"},"modified":"2024-09-26T10:33:22","modified_gmt":"2024-09-26T02:33:22","slug":"portable-liquid-heater-zzsy01-02","status":"publish","type":"product","link":"https:\/\/www.znzi.net\/pt\/products\/portable-liquid-heater-zzsy01-02\/","title":{"rendered":"Aquecedor de l\u00edquidos port\u00e1til ZZSY01\/ZZSY02"},"content":{"rendered":"","protected":false},"excerpt":{"rendered":"<p>ZZSY01 \u00e9 um tipo de aquecimento por camisa de tubo de silicone de canal \u00fanico.<\/p>\n<p>ZZSY02 \u00e9 um tipo de aquecimento em liga de alum\u00ednio.<\/p>\n<p><strong>Destaque:<\/strong><\/p>\n<ul>\n<li>Tamanho pequeno<\/li>\n<li>A faixa de temperatura de configura\u00e7\u00e3o \u00e9 de 32 \u00b0 C a 43 \u00b0 C, o passo \u00e9 de 0,1 \u00b0 C\u3002<\/li>\n<\/ul>\n<h4 class=\"mds-margin_large--bottom mds-font_header--5\">Aplica\u00e7\u00f5es sugeridas<\/h4>\n<ul>\n<li>Cl\u00ednicas<\/li>\n<li>Medicina dom\u00e9stica<\/li>\n<\/ul>","protected":false},"featured_media":845,"template":"","meta":{"_seopress_robots_primary_cat":"none","_seopress_titles_title":"","_seopress_titles_desc":"","_seopress_robots_index":"","_gspb_post_css":""},"product_cat":[21,23,27],"product_tag":[],"class_list":{"0":"post-840","1":"product","2":"type-product","3":"status-publish","4":"has-post-thumbnail","6":"product_cat-temperature-solution","7":"product_cat-warming-instrument","8":"product_cat-fluid-warming-device","10":"first","11":"instock","12":"shipping-taxable","13":"product-type-simple"},"_links":{"self":[{"href":"https:\/\/www.znzi.net\/pt\/wp-json\/wp\/v2\/product\/840"}],"collection":[{"href":"https:\/\/www.znzi.net\/pt\/wp-json\/wp\/v2\/product"}],"about":[{"href":"https:\/\/www.znzi.net\/pt\/wp-json\/wp\/v2\/types\/product"}],"wp:featuredmedia":[{"embeddable":true,"href":"https:\/\/www.znzi.net\/pt\/wp-json\/wp\/v2\/media\/845"}],"wp:attachment":[{"href":"https:\/\/www.znzi.net\/pt\/wp-json\/wp\/v2\/media?parent=840"}],"wp:term":[{"taxonomy":"product_cat","embeddable":true,"href":"https:\/\/www.znzi.net\/pt\/wp-json\/wp\/v2\/product_cat?post=840"},{"taxonomy":"product_tag","embeddable":true,"href":"https:\/\/www.znzi.net\/pt\/wp-json\/wp\/v2\/product_tag?post=840"}],"curies":[{"name":"wp","href":"https:\/\/api.w.org\/{rel}","templated":true}]}}