{"id":811,"date":"2024-09-25T15:50:38","date_gmt":"2024-09-25T07:50:38","guid":{"rendered":"https:\/\/www.znzi.net\/?post_type=product&#038;p=811"},"modified":"2025-12-09T11:05:31","modified_gmt":"2025-12-09T03:05:31","slug":"forced-warming-device-zzst100-200-300-500-600","status":"publish","type":"product","link":"https:\/\/www.znzi.net\/pt\/products\/forced-warming-device-zzst100-200-300-500-600\/","title":{"rendered":"Dispositivo de aquecimento por ar for\u00e7ado ZZST100 \/200\/300\/500\/600"},"content":{"rendered":"<h2 style=\"text-align: center;\"><strong>Descri\u00e7\u00e3o<\/strong><\/h2>\n<p>O produto \u00e9 composto principalmente por um dispositivo de aquecimento por ar for\u00e7ado e um cobertor de aquecimento. Ao aquecer o ar e insuflar o cobertor para aquecer o doente, pode prevenir e tratar eficazmente a hipotermia.<\/p>\n<p>ZZST100 e ZZST200 s\u00e3o de conce\u00e7\u00e3o cl\u00e1ssica, ZZST300, ZZST500, ZZST600 s\u00e3o de conce\u00e7\u00e3o actualizada de ZZST100 e ZZST200.<\/p>\n<p>&nbsp;<\/p>\n<h2 style=\"text-align: center;\">Diferen\u00e7a de modelos<\/h2>\n<table width=\"971\">\n<tbody>\n<tr>\n<td style=\"text-align: center;\" width=\"151\">Modelo<\/p>\n<p>Espec.<\/td>\n<td style=\"text-align: center;\" width=\"164\">ZZST100<\/td>\n<td style=\"text-align: center;\" width=\"164\">ZZST200<\/td>\n<td style=\"text-align: center;\" width=\"164\">ZZST300<\/td>\n<td style=\"text-align: center;\" width=\"164\">ZZST500<\/td>\n<td style=\"text-align: center;\" width=\"164\">ZZST600<\/td>\n<\/tr>\n<tr>\n<td style=\"text-align: center;\">\u00a0Definir temperatura<\/td>\n<td style=\"text-align: center;\" width=\"164\">32\u00b0C\/38\u00b0C\/41\u00b0C<br \/>\nPrecis\u00e3o\u00b11,2\u00b0C<\/td>\n<td style=\"text-align: center;\" width=\"164\">31\u00b0C~41\u00b0C<br \/>\n(Passo de 1\u00b0C)<br \/>\nPrecis\u00e3o\u00b10,9\u00b0C<\/td>\n<td style=\"text-align: center;\" colspan=\"3\" width=\"492\">32\u00b0C~46\u00b0C<br \/>\n(Passo de 1\u00b0C)<br \/>\nPrecis\u00e3o\u00b10,9\u00b0C<\/td>\n<\/tr>\n<tr>\n<td style=\"text-align: center;\">Volume de ar<\/td>\n<td style=\"text-align: center;\" colspan=\"2\">30\/35\/40 CFM<\/td>\n<td style=\"text-align: center;\">30\/40\/50CFM<\/td>\n<td style=\"text-align: center;\" colspan=\"2\">30\/40\/45\/50\/55CFM<\/td>\n<\/tr>\n<tr>\n<td style=\"text-align: center;\">Ru\u00eddo<\/td>\n<td style=\"text-align: center;\" colspan=\"2\">\u226446dB<\/td>\n<td style=\"text-align: center;\" colspan=\"3\">\u226450dB<\/td>\n<\/tr>\n<tr>\n<td style=\"text-align: center;\">Classe de impermeabilidade<\/td>\n<td style=\"text-align: center;\" colspan=\"5\">IPX3<\/td>\n<\/tr>\n<tr>\n<td style=\"text-align: center;\">Peso<\/td>\n<td style=\"text-align: center;\" colspan=\"5\">6KGS<\/td>\n<\/tr>\n<tr>\n<td style=\"text-align: center;\" width=\"151\">Temperatura corporal.<br \/>\nControlo<\/td>\n<td style=\"text-align: center;\">\u00d7<\/td>\n<td style=\"text-align: center;\">\u00d7<\/td>\n<td style=\"text-align: center;\">\u00d7<\/td>\n<td style=\"text-align: center;\">\u00d7<\/td>\n<td style=\"text-align: center;\">\u221a<\/td>\n<\/tr>\n<tr>\n<td style=\"text-align: center;\" width=\"151\">Volume de ar<br \/>\nControlo<\/td>\n<td style=\"text-align: center;\">\u00d7<\/td>\n<td style=\"text-align: center;\">\u00d7<\/td>\n<td style=\"text-align: center;\">\u00d7<\/td>\n<td style=\"text-align: center;\">\u221a<\/td>\n<td style=\"text-align: center;\">\u221a<\/td>\n<\/tr>\n<tr>\n<td style=\"text-align: center;\" width=\"151\">Autom\u00e1tico<br \/>\nFuncionamento<\/td>\n<td style=\"text-align: center;\">\u00d7<\/td>\n<td style=\"text-align: center;\">\u00d7<\/td>\n<td style=\"text-align: center;\">\u00d7<\/td>\n<td style=\"text-align: center;\">\u00d7<\/td>\n<td style=\"text-align: center;\">\u221a<\/td>\n<\/tr>\n<\/tbody>\n<\/table>\n<h2><\/h2>\n<p>&nbsp;<\/p>\n<h2 style=\"text-align: center;\">Observa\u00e7\u00e3o de utiliza\u00e7\u00e3o<\/h2>\n<ol>\n<li id=\"tw-target-text\" class=\"tw-data-text tw-text-large tw-ta\" dir=\"ltr\" data-placeholder=\"Translation\" data-ved=\"2ahUKEwj4xMjl2OmIAxWgdvUHHbNhGWAQ3ewLegQICBAU\" aria-label=\"Texto traduzido: Deve ser utilizado sob aprendizagem ou orienta\u00e7\u00e3o profissional.\"><span class=\"Y2IQFc\" lang=\"en\">Os dispositivos devem ser utilizados sob aprendizagem ou orienta\u00e7\u00e3o profissional.<br \/>\n<\/span><\/li>\n<li dir=\"ltr\" data-placeholder=\"Translation\" data-ved=\"2ahUKEwj4xMjl2OmIAxWgdvUHHbNhGWAQ3ewLegQICBAU\" aria-label=\"Texto traduzido: Deve ser utilizado sob aprendizagem ou orienta\u00e7\u00e3o profissional.\">Os aparelhos devem ser utilizados em conjunto com cobertores de aquecimento.<\/li>\n<li dir=\"ltr\" data-placeholder=\"Translation\" data-ved=\"2ahUKEwj4xMjl2OmIAxWgdvUHHbNhGWAQ3ewLegQICBAU\" aria-label=\"Texto traduzido: Deve ser utilizado sob aprendizagem ou orienta\u00e7\u00e3o profissional.\">Os dispositivos s\u00e3o adequados para a maioria das marcas de cobertores de aquecimento, mas para obter um melhor efeito de aquecimento, sugerimos que os combine com os nossos pr\u00f3prios cobertores. Dispomos de cobertores de diferentes materiais e tamanhos para sele\u00e7\u00e3o.<\/li>\n<\/ol>\n<h2><\/h2>\n<h2 style=\"text-align: left;\">\u00a0 \u00a0 \u00a0 \u00a0 \u00a0 \u00a0 \u00a0 \u00a0 \u00a0 \u00a0 \u00a0 \u00a0 \u00a0 \u00a0 \u00a0 \u00a0 \u00a0 \u00a0 \u00a0 \u00a0 \u00a0 \u00a0 \u00a0 \u00a0 Alguns modelos Cobertores<\/h2>\n<p><img loading=\"lazy\" decoding=\"async\" class=\"alignnone size-full wp-image-927\" src=\"https:\/\/www.znzi.net\/wp-content\/uploads\/2024\/09\/\u6bef\u5b50-1.gif\" alt=\"\" width=\"1600\" height=\"1800\" \/><\/p>","protected":false},"excerpt":{"rendered":"<p>O nosso Dispositivo de Aquecimento por Ar For\u00e7ado ZZST100\/200\/300\/500\/600 proporciona um aquecimento seguro, silencioso e eficaz aos doentes antes\/durante\/depois da cirurgia.<\/p>\n<p><strong>Destaque:\u00a0\u00a0<\/strong><\/p>\n<ol>\n<li>Alta estabilidade<\/li>\n<li>Baixo ru\u00eddo e grande volume de ar<\/li>\n<li>Elevado desempenho de seguran\u00e7a<\/li>\n<li>\u00a0Aumento e diminui\u00e7\u00e3o r\u00e1pida da temperatura<\/li>\n<\/ol>\n<pre id=\"tw-target-text\" class=\"tw-data-text tw-text-large tw-ta\" dir=\"ltr\" data-placeholder=\"\u7ffb\u8bd1\" data-ved=\"2ahUKEwilrfXczN2IAxXUsFYBHUIxEwoQ3ewLegQICBAU\" aria-label=\"\u8bd1\u6587\uff1aTem grande volume de ar e baixo ru\u00eddo\"><\/pre>","protected":false},"featured_media":1128,"template":"","meta":{"_seopress_robots_primary_cat":"none","_seopress_titles_title":"","_seopress_titles_desc":"","_seopress_robots_index":"","_gspb_post_css":""},"product_cat":[21,23,26],"product_tag":[],"class_list":{"0":"post-811","1":"product","2":"type-product","3":"status-publish","4":"has-post-thumbnail","6":"product_cat-temperature-solution","7":"product_cat-warming-instrument","8":"product_cat-forced-air-warmer","10":"first","11":"instock","12":"shipping-taxable","13":"product-type-simple"},"_links":{"self":[{"href":"https:\/\/www.znzi.net\/pt\/wp-json\/wp\/v2\/product\/811"}],"collection":[{"href":"https:\/\/www.znzi.net\/pt\/wp-json\/wp\/v2\/product"}],"about":[{"href":"https:\/\/www.znzi.net\/pt\/wp-json\/wp\/v2\/types\/product"}],"wp:featuredmedia":[{"embeddable":true,"href":"https:\/\/www.znzi.net\/pt\/wp-json\/wp\/v2\/media\/1128"}],"wp:attachment":[{"href":"https:\/\/www.znzi.net\/pt\/wp-json\/wp\/v2\/media?parent=811"}],"wp:term":[{"taxonomy":"product_cat","embeddable":true,"href":"https:\/\/www.znzi.net\/pt\/wp-json\/wp\/v2\/product_cat?post=811"},{"taxonomy":"product_tag","embeddable":true,"href":"https:\/\/www.znzi.net\/pt\/wp-json\/wp\/v2\/product_tag?post=811"}],"curies":[{"name":"wp","href":"https:\/\/api.w.org\/{rel}","templated":true}]}}