{"id":858,"date":"2024-09-26T11:48:42","date_gmt":"2024-09-26T03:48:42","guid":{"rendered":"https:\/\/www.znzi.net\/?post_type=product&#038;p=858"},"modified":"2025-10-22T09:54:14","modified_gmt":"2025-10-22T01:54:14","slug":"carbon-fiber-warming-blanket","status":"publish","type":"product","link":"https:\/\/www.znzi.net\/fi\/products\/carbon-fiber-warming-blanket\/","title":{"rendered":"Hiilikuitu l\u00e4mmitt\u00e4v\u00e4 peitto"},"content":{"rendered":"<h2>Kuvaus<\/h2>\n<p>Tuote koostuu l\u00e4mmitysyksik\u00f6st\u00e4, anturista ja hiilikuitupeitteest\u00e4. Tuottaa l\u00e4mp\u00f6\u00e4 s\u00e4hk\u00f6energiasta, se voi l\u00e4mmitt\u00e4\u00e4 potilaan kehoa in vitro, ehk\u00e4ist\u00e4 ja hoitaa tehokkaasti hypotermiaa.<\/p>\n<p>&nbsp;<\/p>\n<h2>L\u00e4mmitysyksik\u00f6n mallin suorituskyky<\/h2>\n<table style=\"border-collapse: collapse; width: 855.77pt;\" border=\"0\" width=\"1141\" cellspacing=\"0\" cellpadding=\"0\">\n<tbody>\n<tr style=\"height: 72.00pt;\">\n<td class=\"et3\" style=\"height: 72pt; width: 122.25pt; text-align: center;\" width=\"163\" height=\"96\"><\/td>\n<td class=\"et4\" style=\"width: 122.25pt; text-align: center;\" width=\"163\">ZZSW310<\/td>\n<td class=\"et4\" style=\"width: 122.25pt; text-align: center;\" width=\"163\">ZZSW510<\/td>\n<td class=\"et4\" style=\"width: 122.25pt; text-align: center;\" width=\"163\">ZZSW320<\/td>\n<td class=\"et4\" style=\"width: 122.25pt; text-align: center;\" width=\"163\">ZZSW620<\/td>\n<td class=\"et4\" style=\"width: 122.25pt; text-align: center;\" width=\"163\">ZZSW330<\/td>\n<td class=\"et4\" style=\"width: 122.25pt; text-align: center;\" width=\"163\">ZZSW630<\/td>\n<\/tr>\n<tr style=\"height: 50.00pt;\">\n<td class=\"et4\" style=\"height: 50pt; text-align: center;\" height=\"66\">Kanava<\/td>\n<td class=\"et5\" style=\"border-right: 0.5pt solid #000000; text-align: center;\" colspan=\"2\">Yksi kanava<\/td>\n<td class=\"et5\" style=\"border-right: 0.5pt solid #000000; text-align: center;\" colspan=\"2\">Kaksikanavainen<\/td>\n<td class=\"et5\" style=\"border-right: 0.5pt solid #000000; text-align: center;\" colspan=\"2\">Kolmitiekanava<\/td>\n<\/tr>\n<tr style=\"height: 57.00pt;\">\n<td class=\"et4\" style=\"height: 57pt; text-align: center;\" height=\"76\">Toimintatila<\/td>\n<td class=\"et5\" style=\"border-right: 0.5pt solid #000000; text-align: center;\" colspan=\"3\">Suorita k\u00e4sin<\/td>\n<td class=\"et8\" style=\"width: 122.25pt; text-align: center;\" width=\"163\">Suorita k\u00e4sin<br \/>\n&amp;Automaattinen<\/td>\n<td class=\"et3\" style=\"text-align: center;\">Suorita k\u00e4sin<\/td>\n<td class=\"et8\" style=\"width: 122.25pt; text-align: center;\" width=\"163\">Suorita k\u00e4sin<br \/>\n&amp;Automaattinen<\/td>\n<\/tr>\n<tr style=\"height: 57.00pt;\">\n<td class=\"et9\" style=\"height: 57pt; width: 122.25pt; text-align: center;\" width=\"163\" height=\"76\">Kehon l\u00e4mp\u00f6tila<br \/>\nSeuranta<\/td>\n<td class=\"et10\" style=\"text-align: center;\">\u00d7<\/td>\n<td class=\"et10\" style=\"text-align: center;\">\u00d7<\/td>\n<td class=\"et10\" style=\"text-align: center;\">\u00d7<\/td>\n<td class=\"et10\" style=\"text-align: center;\">\u221a<\/td>\n<td class=\"et10\" style=\"text-align: center;\">\u00d7<\/td>\n<td class=\"et10\" style=\"text-align: center;\">\u221a<\/td>\n<\/tr>\n<\/tbody>\n<\/table>\n<p>&nbsp;<\/p>\n<h2>Aseta l\u00e4mp\u00f6tila<\/h2>\n<p>Hiilikuitupeitteen k\u00e4sik\u00e4ytt\u00f6isen k\u00e4yt\u00f6n l\u00e4mp\u00f6tilan s\u00e4\u00e4t\u00f6alue on s\u00e4\u00e4dett\u00e4viss\u00e4 32\u00b0C - 39\u00b0C\uff0c 0,1\u00b0C askeleella\uff1b.<\/p>\n<p>Automaattinen toimintal\u00e4mp\u00f6tilan asetusalue on s\u00e4\u00e4dett\u00e4viss\u00e4 34,5\u00b0C - 37\u00b0C\uff0c 0,1\u00b0C:n askelin.<\/p>\n<p>&nbsp;<\/p>\n<p><!--more--><\/p>","protected":false},"excerpt":{"rendered":"<p>Tuote koostuu l\u00e4mmitysyksik\u00f6st\u00e4, anturista ja hiilikuitupeitteest\u00e4.<\/p>\n<h4>Kohokohta:<\/h4>\n<ul>\n<li>\u00a0Pehme\u00e4 ja mukava<\/li>\n<li>Useita l\u00e4mp\u00f6tila-antureita<\/li>\n<li>Joissakin malleissa on paristot<\/li>\n<li>Nykyinen l\u00e4mp\u00f6tila voidaan n\u00e4ytt\u00e4\u00e4.<\/li>\n<\/ul>\n<p>&nbsp;<\/p>","protected":false},"featured_media":1031,"template":"","meta":{"_seopress_robots_primary_cat":"none","_seopress_titles_title":"","_seopress_titles_desc":"","_seopress_robots_index":"","_gspb_post_css":""},"product_cat":[28,21],"product_tag":[],"class_list":{"0":"post-858","1":"product","2":"type-product","3":"status-publish","4":"has-post-thumbnail","6":"product_cat-carbon-fiber-warming-blanket","7":"product_cat-temperature-solution","9":"first","10":"instock","11":"shipping-taxable","12":"product-type-simple"},"_links":{"self":[{"href":"https:\/\/www.znzi.net\/fi\/wp-json\/wp\/v2\/product\/858"}],"collection":[{"href":"https:\/\/www.znzi.net\/fi\/wp-json\/wp\/v2\/product"}],"about":[{"href":"https:\/\/www.znzi.net\/fi\/wp-json\/wp\/v2\/types\/product"}],"wp:featuredmedia":[{"embeddable":true,"href":"https:\/\/www.znzi.net\/fi\/wp-json\/wp\/v2\/media\/1031"}],"wp:attachment":[{"href":"https:\/\/www.znzi.net\/fi\/wp-json\/wp\/v2\/media?parent=858"}],"wp:term":[{"taxonomy":"product_cat","embeddable":true,"href":"https:\/\/www.znzi.net\/fi\/wp-json\/wp\/v2\/product_cat?post=858"},{"taxonomy":"product_tag","embeddable":true,"href":"https:\/\/www.znzi.net\/fi\/wp-json\/wp\/v2\/product_tag?post=858"}],"curies":[{"name":"wp","href":"https:\/\/api.w.org\/{rel}","templated":true}]}}