{"id":854,"date":"2024-09-26T11:30:36","date_gmt":"2024-09-26T03:30:36","guid":{"rendered":"https:\/\/www.znzi.net\/?post_type=product&#038;p=854"},"modified":"2024-09-30T17:28:08","modified_gmt":"2024-09-30T09:28:08","slug":"cotton-warming-blanket","status":"publish","type":"product","link":"https:\/\/www.znzi.net\/fi\/products\/cotton-warming-blanket\/","title":{"rendered":"Puuvilla l\u00e4mmitt\u00e4v\u00e4 peitto"},"content":{"rendered":"<h2 style=\"text-align: center;\">Puuvilla l\u00e4mmitt\u00e4v\u00e4 peitto<\/h2>\n<p>&nbsp;<\/p>","protected":false},"excerpt":{"rendered":"<p><strong>Korosta<\/strong><\/p>\n<ol>\n<li>Koostuu puuvillakankaasta<\/li>\n<li>Uudelleenk\u00e4ytett\u00e4v\u00e4<\/li>\n<li>9 mallia peiton p\u00e4\u00e4lle ja alle.<\/li>\n<\/ol>","protected":false},"featured_media":857,"template":"","meta":{"_seopress_robots_primary_cat":"none","_seopress_titles_title":"","_seopress_titles_desc":"","_seopress_robots_index":"","_gspb_post_css":""},"product_cat":[21,24],"product_tag":[],"class_list":{"0":"post-854","1":"product","2":"type-product","3":"status-publish","4":"has-post-thumbnail","6":"product_cat-temperature-solution","7":"product_cat-warming-blanket","9":"first","10":"instock","11":"shipping-taxable","12":"product-type-simple"},"_links":{"self":[{"href":"https:\/\/www.znzi.net\/fi\/wp-json\/wp\/v2\/product\/854"}],"collection":[{"href":"https:\/\/www.znzi.net\/fi\/wp-json\/wp\/v2\/product"}],"about":[{"href":"https:\/\/www.znzi.net\/fi\/wp-json\/wp\/v2\/types\/product"}],"wp:featuredmedia":[{"embeddable":true,"href":"https:\/\/www.znzi.net\/fi\/wp-json\/wp\/v2\/media\/857"}],"wp:attachment":[{"href":"https:\/\/www.znzi.net\/fi\/wp-json\/wp\/v2\/media?parent=854"}],"wp:term":[{"taxonomy":"product_cat","embeddable":true,"href":"https:\/\/www.znzi.net\/fi\/wp-json\/wp\/v2\/product_cat?post=854"},{"taxonomy":"product_tag","embeddable":true,"href":"https:\/\/www.znzi.net\/fi\/wp-json\/wp\/v2\/product_tag?post=854"}],"curies":[{"name":"wp","href":"https:\/\/api.w.org\/{rel}","templated":true}]}}