{"id":850,"date":"2024-09-26T11:23:03","date_gmt":"2024-09-26T03:23:03","guid":{"rendered":"https:\/\/www.znzi.net\/?post_type=product&#038;p=850"},"modified":"2024-10-09T17:21:45","modified_gmt":"2024-10-09T09:21:45","slug":"fiber-warming-blanket","status":"publish","type":"product","link":"https:\/\/www.znzi.net\/fi\/products\/fiber-warming-blanket\/","title":{"rendered":"Kuitu l\u00e4mmitt\u00e4v\u00e4 peitto"},"content":{"rendered":"","protected":false},"excerpt":{"rendered":"<p>Huopa on verkko moniulotteinen kuiturakenne, muistisienen lis\u00e4\u00e4minen voi tehokkaasti est\u00e4\u00e4 makuuhaavojen syntymisen. Kantavuus jopa 135 kg, parantaa tehokkaasti l\u00e4mmitysvaikutusta. Uudelleenk\u00e4ytett\u00e4vi\u00e4 ilmakuituisia l\u00e4mmitt\u00e4vi\u00e4 peittoja on 4 mallia.<\/p>","protected":false},"featured_media":853,"template":"","meta":{"_seopress_robots_primary_cat":"none","_seopress_titles_title":"","_seopress_titles_desc":"","_seopress_robots_index":"","_gspb_post_css":""},"product_cat":[21,24],"product_tag":[],"class_list":{"0":"post-850","1":"product","2":"type-product","3":"status-publish","4":"has-post-thumbnail","6":"product_cat-temperature-solution","7":"product_cat-warming-blanket","9":"first","10":"instock","11":"shipping-taxable","12":"product-type-simple"},"_links":{"self":[{"href":"https:\/\/www.znzi.net\/fi\/wp-json\/wp\/v2\/product\/850"}],"collection":[{"href":"https:\/\/www.znzi.net\/fi\/wp-json\/wp\/v2\/product"}],"about":[{"href":"https:\/\/www.znzi.net\/fi\/wp-json\/wp\/v2\/types\/product"}],"wp:featuredmedia":[{"embeddable":true,"href":"https:\/\/www.znzi.net\/fi\/wp-json\/wp\/v2\/media\/853"}],"wp:attachment":[{"href":"https:\/\/www.znzi.net\/fi\/wp-json\/wp\/v2\/media?parent=850"}],"wp:term":[{"taxonomy":"product_cat","embeddable":true,"href":"https:\/\/www.znzi.net\/fi\/wp-json\/wp\/v2\/product_cat?post=850"},{"taxonomy":"product_tag","embeddable":true,"href":"https:\/\/www.znzi.net\/fi\/wp-json\/wp\/v2\/product_tag?post=850"}],"curies":[{"name":"wp","href":"https:\/\/api.w.org\/{rel}","templated":true}]}}