{"id":846,"date":"2024-09-26T10:50:53","date_gmt":"2024-09-26T02:50:53","guid":{"rendered":"https:\/\/www.znzi.net\/?post_type=product&#038;p=846"},"modified":"2024-09-30T17:11:33","modified_gmt":"2024-09-30T09:11:33","slug":"disposable-non-woven-blanket","status":"publish","type":"product","link":"https:\/\/www.znzi.net\/fi\/products\/disposable-non-woven-blanket\/","title":{"rendered":"Kertak\u00e4ytt\u00f6inen kuitukangas huopa"},"content":{"rendered":"<h2 style=\"text-align: center;\">Tuotteen ominaisuus<\/h2>\n<h3>Hyv\u00e4 l\u00e4mmitysvaikutus<\/h3>\n<p>Huovan materiaali on pehme\u00e4\u00e4 ja ihoyst\u00e4v\u00e4llist\u00e4, l\u00e4p\u00e4isee r\u00f6ntgens\u00e4teit\u00e4. Rei'itetty tyyppi on valittu tuuletusreikien tekemiseksi, jotta kuuma ilma jakautuu tasaisesti ja tuuletusvaikutus toteutuu. Valitse rakenteellinen mikrohuokoinen hengitt\u00e4v\u00e4 materiaali, jossa on sulapuhallustekniikan kerrossuodatus, ei tuulta ja tasainen ilmanvaihto, jotta varmistetaan tasainen l\u00e4mm\u00f6nsiirto. Ei ole helppo rikkoa, ei kellu.<\/p>\n<p>&nbsp;<\/p>\n<h3>Tekniset tiedot ovat monipuoliset, innovatiiviset ja joustavat<\/h3>\n<p>Huopia on 32 erilaista, joissakin huopatyypeiss\u00e4 on l\u00e4pin\u00e4kyv\u00e4 muovikalvo, joka peitt\u00e4\u00e4 potilaan p\u00e4\u00e4n, jotta l\u00e4\u00e4k\u00e4ri voi tarkkailla potilasta selv\u00e4sti. Mattopeitto on suunniteltu salaojitusreikien ja painepisteviivojen kanssa molemmin puolin leikkaussis\u00e4isen nesteen ker\u00e4\u00e4miseksi, mik\u00e4 voi est\u00e4\u00e4 painehaavojen syntymisen ja v\u00e4ltt\u00e4\u00e4 leikkaussis\u00e4isen nesteen aiheuttaman piilev\u00e4n vaaran potilaiden turvallisuudelle.<\/p>\n<p>&nbsp;<\/p>\n<h3>Helppo k\u00e4ytt\u00e4\u00e4<\/h3>\n<p>Peitteen ilmanottoaukko on yhteensopiva muiden valmistajien laitteiden kanssa. Joissakin malleissa on useita ilmansy\u00f6tt\u00f6aukkoja, jotka ovat k\u00e4tevi\u00e4 kliinisess\u00e4 k\u00e4yt\u00f6ss\u00e4. Molemmilla puolilla on varattu tilaa huopien kiinnitt\u00e4mist\u00e4 varten.<\/p>\n<p>&nbsp;<\/p>\n<h3>Patentoitu tuote<\/h3>\n<p>Peitteess\u00e4 k\u00e4ytet\u00e4\u00e4n keskitetty\u00e4 ker\u00e4ystekniikkaa, ja molemmilla puolilla on ilmapuskureita, jotka muodostavat suljetun tilan, jotta varmistetaan, ett\u00e4 peitteen l\u00e4mm\u00f6njako on tasainen ja tehokas, ja parannetaan yleist\u00e4 l\u00e4mmitysvaikutusta.<\/p>\n<p>&nbsp;<\/p>\n<p><img loading=\"lazy\" decoding=\"async\" class=\"alignnone size-full wp-image-930\" src=\"https:\/\/www.znzi.net\/wp-content\/uploads\/2024\/09\/111.gif\" alt=\"\" width=\"1600\" height=\"615\" \/><\/p>\n<p>&nbsp;<\/p>\n<h2 style=\"text-align: center;\">Jotkut mallit Huovat<\/h2>\n<p><img loading=\"lazy\" decoding=\"async\" class=\"alignnone size-full wp-image-927\" src=\"https:\/\/www.znzi.net\/wp-content\/uploads\/2024\/09\/\u6bef\u5b50-1.gif\" alt=\"\" width=\"1600\" height=\"1800\" \/><\/p>\n<p>&nbsp;<\/p>\n<h2 style=\"text-align: center;\">L\u00e4mmittely vinkkej\u00e4<\/h2>\n<p>Peitot sopivat useimpien eri merkkien l\u00e4mmittimiin, mutta paremman l\u00e4mmitt\u00e4v\u00e4n vaikutuksen saavuttamiseksi suosittelemme, ett\u00e4 ne sopivat yhteen oman l\u00e4mmittimemme kanssa. Meill\u00e4 on useita laitteita valittavana.<\/p>","protected":false},"excerpt":{"rendered":"<p><strong>Kohokohta:\u00a0\u00a0<\/strong><\/p>\n<ol>\n<li>Itse kehitetty automaattinen tuotantolinja tuottaa nopeasti erilaisia malleja ja eritelmi\u00e4.<\/li>\n<li class=\"sps2-pdp_details--highlights_item mds-font_paragraph\">On 32 erilaista peittoa, joita voidaan k\u00e4ytt\u00e4\u00e4 selinmakuulla, makuuasennossa, litotomiassa ja muissa potilasasennoissa.<\/li>\n<\/ol>","protected":false},"featured_media":849,"template":"","meta":{"_seopress_robots_primary_cat":"none","_seopress_titles_title":"","_seopress_titles_desc":"","_seopress_robots_index":"","_gspb_post_css":""},"product_cat":[21,24],"product_tag":[],"class_list":{"0":"post-846","1":"product","2":"type-product","3":"status-publish","4":"has-post-thumbnail","6":"product_cat-temperature-solution","7":"product_cat-warming-blanket","9":"first","10":"instock","11":"shipping-taxable","12":"product-type-simple"},"_links":{"self":[{"href":"https:\/\/www.znzi.net\/fi\/wp-json\/wp\/v2\/product\/846"}],"collection":[{"href":"https:\/\/www.znzi.net\/fi\/wp-json\/wp\/v2\/product"}],"about":[{"href":"https:\/\/www.znzi.net\/fi\/wp-json\/wp\/v2\/types\/product"}],"wp:featuredmedia":[{"embeddable":true,"href":"https:\/\/www.znzi.net\/fi\/wp-json\/wp\/v2\/media\/849"}],"wp:attachment":[{"href":"https:\/\/www.znzi.net\/fi\/wp-json\/wp\/v2\/media?parent=846"}],"wp:term":[{"taxonomy":"product_cat","embeddable":true,"href":"https:\/\/www.znzi.net\/fi\/wp-json\/wp\/v2\/product_cat?post=846"},{"taxonomy":"product_tag","embeddable":true,"href":"https:\/\/www.znzi.net\/fi\/wp-json\/wp\/v2\/product_tag?post=846"}],"curies":[{"name":"wp","href":"https:\/\/api.w.org\/{rel}","templated":true}]}}