{"id":834,"date":"2024-09-26T09:07:56","date_gmt":"2024-09-26T01:07:56","guid":{"rendered":"https:\/\/www.znzi.net\/?post_type=product&#038;p=834"},"modified":"2024-09-26T10:32:36","modified_gmt":"2024-09-26T02:32:36","slug":"silicone-liquid-heater-zzsy101-102-151","status":"publish","type":"product","link":"https:\/\/www.znzi.net\/fi\/products\/silicone-liquid-heater-zzsy101-102-151\/","title":{"rendered":"Silikoninen nestem\u00e4inen l\u00e4mmitin ZZSY101\/102\/151"},"content":{"rendered":"<p>Kuvaus<\/p>\n<p>T\u00e4m\u00e4 tuote on jaettu yksikanavaisiin ja kaksikanavaisiin silikoniputkil\u00e4mmitystyyppeihin, ja yksikanavaisessa on tyyli, jossa on alumiiniparisto, jonka asiakkaat voivat valita. Kaksoiskanavat : Jokainen kanava voi toimia itsen\u00e4isesti omalla l\u00e4mp\u00f6tilalla, asetuksella ja l\u00e4mp\u00f6tilan ohjauksella.L\u00e4mp\u00f6tilan asetusalue on s\u00e4\u00e4dett\u00e4viss\u00e4 32 \u2103 - 43 \u2103, ja askel on 0,1 \u2103.<\/p>","protected":false},"excerpt":{"rendered":"<p>Description This product is divided into single channel and dual channel silicone tube heating types, and the single channel has a style with aluminum battery for customers to choose. The dual channels : Each channel can work independently with own temp, setting and temp control.The temperature setting range should be adjustable from 32\u2103 to 43\u2103, [&hellip;]<\/p>","protected":false},"featured_media":844,"template":"","meta":{"_seopress_robots_primary_cat":"none","_seopress_titles_title":"","_seopress_titles_desc":"","_seopress_robots_index":"","_gspb_post_css":""},"product_cat":[21,23,27],"product_tag":[],"class_list":{"0":"post-834","1":"product","2":"type-product","3":"status-publish","4":"has-post-thumbnail","6":"product_cat-temperature-solution","7":"product_cat-warming-instrument","8":"product_cat-fluid-warming-device","10":"first","11":"instock","12":"shipping-taxable","13":"product-type-simple"},"_links":{"self":[{"href":"https:\/\/www.znzi.net\/fi\/wp-json\/wp\/v2\/product\/834"}],"collection":[{"href":"https:\/\/www.znzi.net\/fi\/wp-json\/wp\/v2\/product"}],"about":[{"href":"https:\/\/www.znzi.net\/fi\/wp-json\/wp\/v2\/types\/product"}],"wp:featuredmedia":[{"embeddable":true,"href":"https:\/\/www.znzi.net\/fi\/wp-json\/wp\/v2\/media\/844"}],"wp:attachment":[{"href":"https:\/\/www.znzi.net\/fi\/wp-json\/wp\/v2\/media?parent=834"}],"wp:term":[{"taxonomy":"product_cat","embeddable":true,"href":"https:\/\/www.znzi.net\/fi\/wp-json\/wp\/v2\/product_cat?post=834"},{"taxonomy":"product_tag","embeddable":true,"href":"https:\/\/www.znzi.net\/fi\/wp-json\/wp\/v2\/product_tag?post=834"}],"curies":[{"name":"wp","href":"https:\/\/api.w.org\/{rel}","templated":true}]}}