{"id":821,"date":"2024-09-25T16:53:22","date_gmt":"2024-09-25T08:53:22","guid":{"rendered":"https:\/\/www.znzi.net\/?post_type=product&#038;p=821"},"modified":"2024-09-25T16:53:22","modified_gmt":"2024-09-25T08:53:22","slug":"fluid-warming-device-zzsy001-002-003","status":"publish","type":"product","link":"https:\/\/www.znzi.net\/fi\/products\/fluid-warming-device-zzsy001-002-003\/","title":{"rendered":"Nesteen l\u00e4mmityslaite ZZSY001\/002\/003"},"content":{"rendered":"","protected":false},"excerpt":{"rendered":"<p>Verensiirron ja infuusion l\u00e4mmityslaite<\/p>\n<p><strong>Kohokohta: <\/strong><\/p>\n<p><strong>\u00c4lyk\u00e4s keskin\u00e4inen viestint\u00e4 l\u00e4mmitysj\u00e4rjestelm\u00e4n ja nestepisaranopeuden v\u00e4lill\u00e4, nesteen l\u00e4mp\u00f6tilan tarkka s\u00e4\u00e4t\u00f6, helppo k\u00e4ytt\u00e4\u00e4.<\/strong><\/p>","protected":false},"featured_media":824,"template":"","meta":{"_seopress_robots_primary_cat":"","_seopress_titles_title":"","_seopress_titles_desc":"","_seopress_robots_index":"","_gspb_post_css":""},"product_cat":[21,23,27],"product_tag":[],"class_list":{"0":"post-821","1":"product","2":"type-product","3":"status-publish","4":"has-post-thumbnail","6":"product_cat-temperature-solution","7":"product_cat-warming-instrument","8":"product_cat-fluid-warming-device","10":"first","11":"instock","12":"shipping-taxable","13":"product-type-simple"},"_links":{"self":[{"href":"https:\/\/www.znzi.net\/fi\/wp-json\/wp\/v2\/product\/821"}],"collection":[{"href":"https:\/\/www.znzi.net\/fi\/wp-json\/wp\/v2\/product"}],"about":[{"href":"https:\/\/www.znzi.net\/fi\/wp-json\/wp\/v2\/types\/product"}],"wp:featuredmedia":[{"embeddable":true,"href":"https:\/\/www.znzi.net\/fi\/wp-json\/wp\/v2\/media\/824"}],"wp:attachment":[{"href":"https:\/\/www.znzi.net\/fi\/wp-json\/wp\/v2\/media?parent=821"}],"wp:term":[{"taxonomy":"product_cat","embeddable":true,"href":"https:\/\/www.znzi.net\/fi\/wp-json\/wp\/v2\/product_cat?post=821"},{"taxonomy":"product_tag","embeddable":true,"href":"https:\/\/www.znzi.net\/fi\/wp-json\/wp\/v2\/product_tag?post=821"}],"curies":[{"name":"wp","href":"https:\/\/api.w.org\/{rel}","templated":true}]}}