{"id":816,"date":"2024-09-25T16:22:10","date_gmt":"2024-09-25T08:22:10","guid":{"rendered":"https:\/\/www.znzi.net\/?post_type=product&#038;p=816"},"modified":"2024-09-30T17:15:00","modified_gmt":"2024-09-30T09:15:00","slug":"forced-warming-device-zzst200a-200b-333-555-666","status":"publish","type":"product","link":"https:\/\/www.znzi.net\/fi\/products\/forced-warming-device-zzst200a-200b-333-555-666\/","title":{"rendered":"Pakotetun ilman l\u00e4mmityslaite ZZST100A\/100B\/200A\/200B\/333\/555\/666"},"content":{"rendered":"<h2 style=\"text-align: center;\"><strong>Kuvaus<\/strong><\/h2>\n<p>Tuote koostuu p\u00e4\u00e4asiassa pakkoilmal\u00e4mmittimest\u00e4 ja l\u00e4mp\u00f6peitteest\u00e4. L\u00e4mmitt\u00e4m\u00e4ll\u00e4 ilmaa ja puhaltamalla huopa l\u00e4mmitt\u00e4m\u00e4\u00e4n potilasta se voi tehokkaasti ehk\u00e4ist\u00e4 ja hoitaa hypotermiaa.<\/p>\n<p>ZZST100A, ZZST100B, ZZST200A ja ZZST200B ovat klassista mallia, ZZST333, ZZST555, ZZST666 ovat p\u00e4ivitysmallia.<\/p>\n<p>&nbsp;<\/p>\n<p>&nbsp;<\/p>\n<h2 style=\"text-align: center;\">Malliero<\/h2>\n<table width=\"1353\">\n<tbody>\n<tr>\n<td style=\"text-align: center;\" width=\"165\">Malli<\/p>\n<p>Spesifikaatio.<\/td>\n<td style=\"text-align: center;\" width=\"182\">ZZST100A<\/td>\n<td style=\"text-align: center;\" width=\"165\">ZZST200A<\/td>\n<td style=\"text-align: center;\" width=\"181\">ZZST100B<\/td>\n<td style=\"text-align: center;\" width=\"165\">ZZST200B<\/td>\n<td style=\"text-align: center;\" width=\"165\">ZZST333<\/td>\n<td style=\"text-align: center;\" width=\"165\">ZZST555<\/td>\n<td style=\"text-align: center;\" width=\"165\">ZZST666<\/td>\n<\/tr>\n<tr>\n<td style=\"text-align: center;\">\u00a0Aseta l\u00e4mp\u00f6tila<\/td>\n<td style=\"text-align: center;\" width=\"182\">32\u00b0C\/35\u00b0C\/38\u00b0C\/41\u00b0C<br \/>\nTarkkuus\u00b11.4\u00b0C<\/td>\n<td style=\"text-align: center;\" width=\"165\">31\u00b0C~41\u00b0C<br \/>\n(Askel 1\u00b0C:lla)<br \/>\nTarkkuus\u00b10.9\u00b0C<\/td>\n<td style=\"text-align: center;\" width=\"181\">32\u00b0C\/35\u00b0C\/38\u00b0C\/41\u00b0C<br \/>\nTarkkuus\u00b11.2\u00b0C<\/td>\n<td style=\"text-align: center;\" width=\"165\">31\u00b0C~41\u00b0C<br \/>\n(0,5 \u00b0C:n askel)<br \/>\nTarkkuus\u00b10.9\u00b0C<\/td>\n<td style=\"text-align: center;\" colspan=\"3\" width=\"495\">32\u00b0C ~ 46\u00b0C<br \/>\n(Askel 1\u00b0C:lla)<br \/>\nTarkkuus\u00b10.9\u00b0C<\/td>\n<\/tr>\n<tr>\n<td style=\"text-align: center;\">Ilmam\u00e4\u00e4r\u00e4<\/td>\n<td style=\"text-align: center;\" colspan=\"4\">25\/30\/35 CFM<\/td>\n<td style=\"text-align: center;\">20\/30\/40CFM<\/td>\n<td style=\"text-align: center;\" colspan=\"2\">20\/25\/30\/35\/40CFM<\/td>\n<\/tr>\n<tr>\n<td style=\"text-align: center;\">Melu<\/td>\n<td style=\"text-align: center;\" colspan=\"4\">\u226448dB<\/td>\n<td style=\"text-align: center;\" colspan=\"3\">\u226455dB<\/td>\n<\/tr>\n<tr>\n<td style=\"text-align: center;\">Vedenpit\u00e4v\u00e4 luokka<\/td>\n<td style=\"text-align: center;\" colspan=\"7\">IPX2<\/td>\n<\/tr>\n<tr>\n<td style=\"text-align: center;\">Paino<\/td>\n<td style=\"text-align: center;\" colspan=\"7\">3KGS<\/td>\n<\/tr>\n<tr>\n<td style=\"text-align: center;\" width=\"165\">Ruumiinl\u00e4mp\u00f6.<br \/>\nSeuranta<\/td>\n<td style=\"text-align: center;\">\u00d7<\/td>\n<td style=\"text-align: center;\">\u00d7<\/td>\n<td style=\"text-align: center;\">\u221a<\/td>\n<td style=\"text-align: center;\">\u221a<\/td>\n<td style=\"text-align: center;\">\u00d7<\/td>\n<td style=\"text-align: center;\">\u00d7<\/td>\n<td style=\"text-align: center;\">\u221a<\/td>\n<\/tr>\n<tr>\n<td style=\"text-align: center;\" width=\"165\">Ilmam\u00e4\u00e4r\u00e4<br \/>\nSeuranta<\/td>\n<td style=\"text-align: center;\">\u00d7<\/td>\n<td style=\"text-align: center;\">\u00d7<\/td>\n<td style=\"text-align: center;\">\u00d7<\/td>\n<td style=\"text-align: center;\">\u00d7<\/td>\n<td style=\"text-align: center;\">\u00d7<\/td>\n<td style=\"text-align: center;\">\u221a<\/td>\n<td style=\"text-align: center;\">\u221a<\/td>\n<\/tr>\n<tr>\n<td style=\"text-align: center;\" width=\"165\">Automaattinen<br \/>\nOperaatio<\/td>\n<td style=\"text-align: center;\">\u00d7<\/td>\n<td style=\"text-align: center;\">\u00d7<\/td>\n<td style=\"text-align: center;\">\u00d7<\/td>\n<td style=\"text-align: center;\">\u00d7<\/td>\n<td style=\"text-align: center;\">\u00d7<\/td>\n<td style=\"text-align: center;\">\u00d7<\/td>\n<td style=\"text-align: center;\">\u221a<\/td>\n<\/tr>\n<\/tbody>\n<\/table>\n<p>&nbsp;<\/p>\n<h2><\/h2>\n<h2 style=\"text-align: center;\">K\u00e4ytt\u00f6 Huomautus<\/h2>\n<ol>\n<li id=\"tw-target-text\" class=\"tw-data-text tw-text-large tw-ta\" dir=\"ltr\" data-placeholder=\"Translation\" data-ved=\"2ahUKEwj4xMjl2OmIAxWgdvUHHbNhGWAQ3ewLegQICBAU\" aria-label=\"K\u00e4\u00e4nnetty teksti: Sit\u00e4 on k\u00e4ytett\u00e4v\u00e4 ammatillisessa oppimisessa tai ohjauksessa.\"><span class=\"Y2IQFc\" lang=\"en\">Laitteita on k\u00e4ytett\u00e4v\u00e4 ammatillisessa opetuksessa tai ohjauksessa.<br \/>\n<\/span><\/li>\n<li dir=\"ltr\" data-placeholder=\"Translation\" data-ved=\"2ahUKEwj4xMjl2OmIAxWgdvUHHbNhGWAQ3ewLegQICBAU\" aria-label=\"K\u00e4\u00e4nnetty teksti: Sit\u00e4 on k\u00e4ytett\u00e4v\u00e4 ammatillisessa oppimisessa tai ohjauksessa.\">Laitteita on k\u00e4ytett\u00e4v\u00e4 yhdess\u00e4 l\u00e4mp\u00f6peitteiden kanssa.<\/li>\n<li dir=\"ltr\" data-placeholder=\"Translation\" data-ved=\"2ahUKEwj4xMjl2OmIAxWgdvUHHbNhGWAQ3ewLegQICBAU\" aria-label=\"K\u00e4\u00e4nnetty teksti: Sit\u00e4 on k\u00e4ytett\u00e4v\u00e4 ammatillisessa oppimisessa tai ohjauksessa.\">Laitteet sopivat useimpien eri merkkien l\u00e4mmitt\u00e4viin peittoihin, mutta paremman l\u00e4mmitt\u00e4v\u00e4n vaikutuksen saavuttamiseksi suosittelemme, ett\u00e4 ne sovitetaan omiin peittoihimme. Meill\u00e4 on valittavana eri materiaaleja ja kokoisia peittoja.<\/li>\n<\/ol>\n<p>&nbsp;<\/p>\n<h2><\/h2>\n<h2 style=\"text-align: center;\">Jotkut mallit Huovat<\/h2>\n<p><img loading=\"lazy\" decoding=\"async\" class=\"alignnone size-full wp-image-927\" src=\"https:\/\/www.znzi.net\/wp-content\/uploads\/2024\/09\/\u6bef\u5b50-1.gif\" alt=\"\" width=\"1600\" height=\"1800\" \/><\/p>","protected":false},"excerpt":{"rendered":"<p>Pakkol\u00e4mp\u00f6laitteemme ZZST100A\/100B\/200A\/200B\/333\/555\/666 tarjoavat turvallista, hiljaista ja tehokasta l\u00e4mmittely\u00e4 potilaille ennen leikkausta, leikkauksen aikana tai sen j\u00e4lkeen.<\/p>\n<p><strong>Kohokohta:\u00a0<\/strong><\/p>\n<ol>\n<li>Korkea vakaus<\/li>\n<li>V\u00e4h\u00e4inen melu ja suuri ilmam\u00e4\u00e4r\u00e4<\/li>\n<li>Korkea turvallisuustaso<\/li>\n<li>\u00a0L\u00e4mp\u00f6tilan nopea nousu ja lasku<\/li>\n<\/ol>\n<p>&nbsp;<\/p>","protected":false},"featured_media":819,"template":"","meta":{"_seopress_robots_primary_cat":"none","_seopress_titles_title":"","_seopress_titles_desc":"","_seopress_robots_index":"","_gspb_post_css":""},"product_cat":[21,23,26],"product_tag":[],"class_list":{"0":"post-816","1":"product","2":"type-product","3":"status-publish","4":"has-post-thumbnail","6":"product_cat-temperature-solution","7":"product_cat-warming-instrument","8":"product_cat-forced-air-warmer","10":"first","11":"instock","12":"shipping-taxable","13":"product-type-simple"},"_links":{"self":[{"href":"https:\/\/www.znzi.net\/fi\/wp-json\/wp\/v2\/product\/816"}],"collection":[{"href":"https:\/\/www.znzi.net\/fi\/wp-json\/wp\/v2\/product"}],"about":[{"href":"https:\/\/www.znzi.net\/fi\/wp-json\/wp\/v2\/types\/product"}],"wp:featuredmedia":[{"embeddable":true,"href":"https:\/\/www.znzi.net\/fi\/wp-json\/wp\/v2\/media\/819"}],"wp:attachment":[{"href":"https:\/\/www.znzi.net\/fi\/wp-json\/wp\/v2\/media?parent=816"}],"wp:term":[{"taxonomy":"product_cat","embeddable":true,"href":"https:\/\/www.znzi.net\/fi\/wp-json\/wp\/v2\/product_cat?post=816"},{"taxonomy":"product_tag","embeddable":true,"href":"https:\/\/www.znzi.net\/fi\/wp-json\/wp\/v2\/product_tag?post=816"}],"curies":[{"name":"wp","href":"https:\/\/api.w.org\/{rel}","templated":true}]}}