{"id":846,"date":"2024-09-26T10:50:53","date_gmt":"2024-09-26T02:50:53","guid":{"rendered":"https:\/\/www.znzi.net\/?post_type=product&#038;p=846"},"modified":"2024-09-30T17:11:33","modified_gmt":"2024-09-30T09:11:33","slug":"disposable-non-woven-blanket","status":"publish","type":"product","link":"https:\/\/www.znzi.net\/es\/products\/disposable-non-woven-blanket\/","title":{"rendered":"Manta no tejida desechable"},"content":{"rendered":"<h2 style=\"text-align: center;\">Caracter\u00edsticas del producto<\/h2>\n<h3>Buen efecto calor\u00edfico<\/h3>\n<p>El material de la manta es suave y agradable para la piel, puede transmitir los RAYOS X. El tipo perforado se selecciona para hacer el agujero de ventilaci\u00f3n, de modo que el aire caliente se dispersa uniformemente y el efecto de ventilaci\u00f3n se realiza. Elija el material transpirable microporoso estructural con la filtraci\u00f3n de la capa de la tecnolog\u00eda del derretimiento-soplado, ning\u00fan viento y ventilaci\u00f3n uniforme, para asegurar la transferencia uniforme del calor. No es f\u00e1cil de romper, no flota.<\/p>\n<p>&nbsp;<\/p>\n<h3>Las especificaciones son completas, innovadoras y flexibles<\/h3>\n<p>Hay 32 tipos de mantas, algunos tipos de mantas proporcionan pel\u00edcula de pl\u00e1stico transparente que cubre la cabeza del paciente, de modo que permiten al m\u00e9dico observar claramente al paciente. La manta est\u00e1 dise\u00f1ada con orificios de drenaje y l\u00edneas de puntos de presi\u00f3n en ambos lados para recoger el l\u00edquido intraoperatorio, lo que puede prevenir las \u00falceras por presi\u00f3n y evitar el peligro oculto causado por el l\u00edquido intraoperatorio para la seguridad de los pacientes.<\/p>\n<p>&nbsp;<\/p>\n<h3>F\u00e1cil de usar<\/h3>\n<p>La entrada de aire de la manta es compatible con dispositivos de otros fabricantes. Algunos modelos tienen varias entradas de aire, lo que resulta muy pr\u00e1ctico para uso cl\u00ednico. Se reserva espacio a ambos lados para fijar las mantas.<\/p>\n<p>&nbsp;<\/p>\n<h3>Producto patentado<\/h3>\n<p>La manta adopta la tecnolog\u00eda de cabezal central, y hay bariers de aire a ambos lados para formar un espacio cerrado que garantice que la distribuci\u00f3n del calor de la manta sea uniforme y eficiente, y mejore el efecto de calentamiento general.<\/p>\n<p>&nbsp;<\/p>\n<p><img loading=\"lazy\" decoding=\"async\" class=\"alignnone size-full wp-image-930\" src=\"https:\/\/www.znzi.net\/wp-content\/uploads\/2024\/09\/111.gif\" alt=\"\" width=\"1600\" height=\"615\" \/><\/p>\n<p>&nbsp;<\/p>\n<h2 style=\"text-align: center;\">Algunos modelos Mantas<\/h2>\n<p><img loading=\"lazy\" decoding=\"async\" class=\"alignnone size-full wp-image-927\" src=\"https:\/\/www.znzi.net\/wp-content\/uploads\/2024\/09\/\u6bef\u5b50-1.gif\" alt=\"\" width=\"1600\" height=\"1800\" \/><\/p>\n<p>&nbsp;<\/p>\n<h2 style=\"text-align: center;\">Consejos para calentar<\/h2>\n<p>Las mantas son aptas para la mayor\u00eda de los dispositivos de calentamiento de diferentes marcas, pero para conseguir un mejor efecto de calentamiento, le recomendamos que las utilice con nuestro propio dispositivo de calentamiento. Tenemos varios dispositivos para la selecci\u00f3n.<\/p>","protected":false},"excerpt":{"rendered":"<p><strong>Lo m\u00e1s destacado:\u00a0\u00a0<\/strong><\/p>\n<ol>\n<li>La l\u00ednea de producci\u00f3n autom\u00e1tica de desarrollo propio produce r\u00e1pidamente varios modelos y especificaciones.<\/li>\n<li class=\"sps2-pdp_details--highlights_item mds-font_paragraph\">Existen 32 tipos de mantas que pueden utilizarse en posici\u00f3n supina, prona, de litotom\u00eda y otras posiciones del paciente.<\/li>\n<\/ol>","protected":false},"featured_media":849,"template":"","meta":{"_seopress_robots_primary_cat":"none","_seopress_titles_title":"","_seopress_titles_desc":"","_seopress_robots_index":"","_gspb_post_css":""},"product_cat":[21,24],"product_tag":[],"class_list":{"0":"post-846","1":"product","2":"type-product","3":"status-publish","4":"has-post-thumbnail","6":"product_cat-temperature-solution","7":"product_cat-warming-blanket","9":"first","10":"instock","11":"shipping-taxable","12":"product-type-simple"},"_links":{"self":[{"href":"https:\/\/www.znzi.net\/es\/wp-json\/wp\/v2\/product\/846"}],"collection":[{"href":"https:\/\/www.znzi.net\/es\/wp-json\/wp\/v2\/product"}],"about":[{"href":"https:\/\/www.znzi.net\/es\/wp-json\/wp\/v2\/types\/product"}],"wp:featuredmedia":[{"embeddable":true,"href":"https:\/\/www.znzi.net\/es\/wp-json\/wp\/v2\/media\/849"}],"wp:attachment":[{"href":"https:\/\/www.znzi.net\/es\/wp-json\/wp\/v2\/media?parent=846"}],"wp:term":[{"taxonomy":"product_cat","embeddable":true,"href":"https:\/\/www.znzi.net\/es\/wp-json\/wp\/v2\/product_cat?post=846"},{"taxonomy":"product_tag","embeddable":true,"href":"https:\/\/www.znzi.net\/es\/wp-json\/wp\/v2\/product_tag?post=846"}],"curies":[{"name":"wp","href":"https:\/\/api.w.org\/{rel}","templated":true}]}}