{"id":834,"date":"2024-09-26T09:07:56","date_gmt":"2024-09-26T01:07:56","guid":{"rendered":"https:\/\/www.znzi.net\/?post_type=product&#038;p=834"},"modified":"2024-09-26T10:32:36","modified_gmt":"2024-09-26T02:32:36","slug":"silicone-liquid-heater-zzsy101-102-151","status":"publish","type":"product","link":"https:\/\/www.znzi.net\/es\/products\/silicone-liquid-heater-zzsy101-102-151\/","title":{"rendered":"Calentador de silicona l\u00edquida ZZSY101\/102\/151"},"content":{"rendered":"<p>Descripci\u00f3n<\/p>\n<p>Este producto se divide en un solo canal y los tipos de calefacci\u00f3n de tubo de silicona de doble canal, y el \u00fanico canal tiene un estilo con bater\u00eda de aluminio para los clientes a elegir. Los canales duales: Cada canal puede trabajar independientemente con la propia temperatura, fijando y temp control.the que la gama del ajuste de la temperatura debe ser ajustable de 32\u2103 a 43\u2103, y el paso es 0.1\u2103.<\/p>","protected":false},"excerpt":{"rendered":"<p>Descripci\u00f3n Este producto se divide en un solo canal y los tipos de calefacci\u00f3n de tubo de silicona de doble canal, y el canal \u00fanico tiene un estilo con bater\u00eda de aluminio para los clientes a elegir. Los canales duales : Cada canal puede trabajar independientemente con propio temp, ajuste y temp control.the rango de ajuste de temperatura debe ser ajustable de 32\u2103 a 43\u2103, [...]<\/p>","protected":false},"featured_media":844,"template":"","meta":{"_seopress_robots_primary_cat":"none","_seopress_titles_title":"","_seopress_titles_desc":"","_seopress_robots_index":"","_gspb_post_css":""},"product_cat":[21,23,27],"product_tag":[],"class_list":{"0":"post-834","1":"product","2":"type-product","3":"status-publish","4":"has-post-thumbnail","6":"product_cat-temperature-solution","7":"product_cat-warming-instrument","8":"product_cat-fluid-warming-device","10":"first","11":"instock","12":"shipping-taxable","13":"product-type-simple"},"_links":{"self":[{"href":"https:\/\/www.znzi.net\/es\/wp-json\/wp\/v2\/product\/834"}],"collection":[{"href":"https:\/\/www.znzi.net\/es\/wp-json\/wp\/v2\/product"}],"about":[{"href":"https:\/\/www.znzi.net\/es\/wp-json\/wp\/v2\/types\/product"}],"wp:featuredmedia":[{"embeddable":true,"href":"https:\/\/www.znzi.net\/es\/wp-json\/wp\/v2\/media\/844"}],"wp:attachment":[{"href":"https:\/\/www.znzi.net\/es\/wp-json\/wp\/v2\/media?parent=834"}],"wp:term":[{"taxonomy":"product_cat","embeddable":true,"href":"https:\/\/www.znzi.net\/es\/wp-json\/wp\/v2\/product_cat?post=834"},{"taxonomy":"product_tag","embeddable":true,"href":"https:\/\/www.znzi.net\/es\/wp-json\/wp\/v2\/product_tag?post=834"}],"curies":[{"name":"wp","href":"https:\/\/api.w.org\/{rel}","templated":true}]}}