{"id":821,"date":"2024-09-25T16:53:22","date_gmt":"2024-09-25T08:53:22","guid":{"rendered":"https:\/\/www.znzi.net\/?post_type=product&#038;p=821"},"modified":"2024-09-25T16:53:22","modified_gmt":"2024-09-25T08:53:22","slug":"fluid-warming-device-zzsy001-002-003","status":"publish","type":"product","link":"https:\/\/www.znzi.net\/es\/products\/fluid-warming-device-zzsy001-002-003\/","title":{"rendered":"Dispositivo de calentamiento de fluidos ZZSY001\/002\/003"},"content":{"rendered":"","protected":false},"excerpt":{"rendered":"<p>Dispositivo de calentamiento para transfusi\u00f3n e infusi\u00f3n de sangre<\/p>\n<p><strong>Lo m\u00e1s destacado: <\/strong><\/p>\n<p><strong>Intercomunicaci\u00f3n inteligente entre el sistema de calefacci\u00f3n y la velocidad de ca\u00edda del l\u00edquido, control preciso de la temperatura del l\u00edquido, f\u00e1cil de manejar.<\/strong><\/p>","protected":false},"featured_media":824,"template":"","meta":{"_seopress_robots_primary_cat":"","_seopress_titles_title":"","_seopress_titles_desc":"","_seopress_robots_index":"","_gspb_post_css":""},"product_cat":[21,23,27],"product_tag":[],"class_list":{"0":"post-821","1":"product","2":"type-product","3":"status-publish","4":"has-post-thumbnail","6":"product_cat-temperature-solution","7":"product_cat-warming-instrument","8":"product_cat-fluid-warming-device","10":"first","11":"instock","12":"shipping-taxable","13":"product-type-simple"},"_links":{"self":[{"href":"https:\/\/www.znzi.net\/es\/wp-json\/wp\/v2\/product\/821"}],"collection":[{"href":"https:\/\/www.znzi.net\/es\/wp-json\/wp\/v2\/product"}],"about":[{"href":"https:\/\/www.znzi.net\/es\/wp-json\/wp\/v2\/types\/product"}],"wp:featuredmedia":[{"embeddable":true,"href":"https:\/\/www.znzi.net\/es\/wp-json\/wp\/v2\/media\/824"}],"wp:attachment":[{"href":"https:\/\/www.znzi.net\/es\/wp-json\/wp\/v2\/media?parent=821"}],"wp:term":[{"taxonomy":"product_cat","embeddable":true,"href":"https:\/\/www.znzi.net\/es\/wp-json\/wp\/v2\/product_cat?post=821"},{"taxonomy":"product_tag","embeddable":true,"href":"https:\/\/www.znzi.net\/es\/wp-json\/wp\/v2\/product_tag?post=821"}],"curies":[{"name":"wp","href":"https:\/\/api.w.org\/{rel}","templated":true}]}}