{"id":811,"date":"2024-09-25T15:50:38","date_gmt":"2024-09-25T07:50:38","guid":{"rendered":"https:\/\/www.znzi.net\/?post_type=product&#038;p=811"},"modified":"2025-12-09T11:05:31","modified_gmt":"2025-12-09T03:05:31","slug":"forced-warming-device-zzst100-200-300-500-600","status":"publish","type":"product","link":"https:\/\/www.znzi.net\/es\/products\/forced-warming-device-zzst100-200-300-500-600\/","title":{"rendered":"Calentador de aire forzado ZZST100 \/200\/300\/500\/600"},"content":{"rendered":"<h2 style=\"text-align: center;\"><strong>Descripci\u00f3n<\/strong><\/h2>\n<p>El producto se compone principalmente de un dispositivo de calentamiento por aire forzado y una manta de calentamiento. Al calentar el aire e inflar la manta para calentar al paciente, puede prevenir y tratar eficazmente la hipotermia.<\/p>\n<p>ZZST100 y ZZST200 son de dise\u00f1o cl\u00e1sico, ZZST300, ZZST500,ZZST600 son de dise\u00f1o mejorado de ZZST100 y ZZST200.<\/p>\n<p>&nbsp;<\/p>\n<h2 style=\"text-align: center;\">Diferencia de modelo<\/h2>\n<table width=\"971\">\n<tbody>\n<tr>\n<td style=\"text-align: center;\" width=\"151\">Modelo<\/p>\n<p>Espec.<\/td>\n<td style=\"text-align: center;\" width=\"164\">ZZST100<\/td>\n<td style=\"text-align: center;\" width=\"164\">ZZST200<\/td>\n<td style=\"text-align: center;\" width=\"164\">ZZST300<\/td>\n<td style=\"text-align: center;\" width=\"164\">ZZST500<\/td>\n<td style=\"text-align: center;\" width=\"164\">ZZST600<\/td>\n<\/tr>\n<tr>\n<td style=\"text-align: center;\">\u00a0Ajustar Temp<\/td>\n<td style=\"text-align: center;\" width=\"164\">32\u00b0C\/38\u00b0C\/41\u00b0C<br \/>\nPrecisi\u00f3n\u00b11,2\u00b0C<\/td>\n<td style=\"text-align: center;\" width=\"164\">31\u00b0C~41\u00b0C<br \/>\n(Paso de 1\u00b0C)<br \/>\nPrecisi\u00f3n\u00b10,9\u00b0C<\/td>\n<td style=\"text-align: center;\" colspan=\"3\" width=\"492\">32\u00b0C~46\u00b0C<br \/>\n(Paso de 1\u00b0C)<br \/>\nPrecisi\u00f3n\u00b10,9\u00b0C<\/td>\n<\/tr>\n<tr>\n<td style=\"text-align: center;\">Volumen de aire<\/td>\n<td style=\"text-align: center;\" colspan=\"2\">30\/35\/40 CFM<\/td>\n<td style=\"text-align: center;\">30\/40\/50CFM<\/td>\n<td style=\"text-align: center;\" colspan=\"2\">30\/40\/45\/50\/55CFM<\/td>\n<\/tr>\n<tr>\n<td style=\"text-align: center;\">Ruido<\/td>\n<td style=\"text-align: center;\" colspan=\"2\">\u226446dB<\/td>\n<td style=\"text-align: center;\" colspan=\"3\">\u226450dB<\/td>\n<\/tr>\n<tr>\n<td style=\"text-align: center;\">Clase de estanqueidad<\/td>\n<td style=\"text-align: center;\" colspan=\"5\">IPX3<\/td>\n<\/tr>\n<tr>\n<td style=\"text-align: center;\">Peso<\/td>\n<td style=\"text-align: center;\" colspan=\"5\">6KGS<\/td>\n<\/tr>\n<tr>\n<td style=\"text-align: center;\" width=\"151\">Temperatura corporal.<br \/>\nSupervisi\u00f3n<\/td>\n<td style=\"text-align: center;\">\u00d7<\/td>\n<td style=\"text-align: center;\">\u00d7<\/td>\n<td style=\"text-align: center;\">\u00d7<\/td>\n<td style=\"text-align: center;\">\u00d7<\/td>\n<td style=\"text-align: center;\">\u221a<\/td>\n<\/tr>\n<tr>\n<td style=\"text-align: center;\" width=\"151\">Volumen de aire<br \/>\nSupervisi\u00f3n<\/td>\n<td style=\"text-align: center;\">\u00d7<\/td>\n<td style=\"text-align: center;\">\u00d7<\/td>\n<td style=\"text-align: center;\">\u00d7<\/td>\n<td style=\"text-align: center;\">\u221a<\/td>\n<td style=\"text-align: center;\">\u221a<\/td>\n<\/tr>\n<tr>\n<td style=\"text-align: center;\" width=\"151\">Autom\u00e1tico<br \/>\nOperaci\u00f3n<\/td>\n<td style=\"text-align: center;\">\u00d7<\/td>\n<td style=\"text-align: center;\">\u00d7<\/td>\n<td style=\"text-align: center;\">\u00d7<\/td>\n<td style=\"text-align: center;\">\u00d7<\/td>\n<td style=\"text-align: center;\">\u221a<\/td>\n<\/tr>\n<\/tbody>\n<\/table>\n<h2><\/h2>\n<p>&nbsp;<\/p>\n<h2 style=\"text-align: center;\">Observaci\u00f3n de uso<\/h2>\n<ol>\n<li id=\"tw-target-text\" class=\"tw-data-text tw-text-large tw-ta\" dir=\"ltr\" data-placeholder=\"Translation\" data-ved=\"2ahUKEwj4xMjl2OmIAxWgdvUHHbNhGWAQ3ewLegQICBAU\" aria-label=\"Texto traducido: Debe ser utilizado bajo el aprendizaje o la orientaci\u00f3n profesional.\"><span class=\"Y2IQFc\" lang=\"en\">Los dispositivos deben utilizarse bajo aprendizaje u orientaci\u00f3n profesional.<br \/>\n<\/span><\/li>\n<li dir=\"ltr\" data-placeholder=\"Translation\" data-ved=\"2ahUKEwj4xMjl2OmIAxWgdvUHHbNhGWAQ3ewLegQICBAU\" aria-label=\"Texto traducido: Debe ser utilizado bajo el aprendizaje o la orientaci\u00f3n profesional.\">Los dispositivos deben utilizarse junto con mantas t\u00e9rmicas.<\/li>\n<li dir=\"ltr\" data-placeholder=\"Translation\" data-ved=\"2ahUKEwj4xMjl2OmIAxWgdvUHHbNhGWAQ3ewLegQICBAU\" aria-label=\"Texto traducido: Debe ser utilizado bajo el aprendizaje o la orientaci\u00f3n profesional.\">Los dispositivos son adecuados para la mayor\u00eda de las diferentes marcas de mantas de calentamiento, pero para lograr un mejor efecto de calentamiento, le sugerimos para que coincida con nuestras propias mantas. Disponemos de mantas de diferentes materiales y tama\u00f1os.<\/li>\n<\/ol>\n<h2><\/h2>\n<h2 style=\"text-align: left;\">\u00a0 \u00a0 \u00a0 \u00a0 \u00a0 \u00a0 \u00a0 \u00a0 \u00a0 \u00a0 \u00a0 \u00a0 \u00a0 \u00a0 \u00a0 \u00a0 \u00a0 \u00a0 \u00a0 \u00a0 \u00a0 \u00a0 \u00a0 \u00a0 Algunos modelos Mantas<\/h2>\n<p><img loading=\"lazy\" decoding=\"async\" class=\"alignnone size-full wp-image-927\" src=\"https:\/\/www.znzi.net\/wp-content\/uploads\/2024\/09\/\u6bef\u5b50-1.gif\" alt=\"\" width=\"1600\" height=\"1800\" \/><\/p>","protected":false},"excerpt":{"rendered":"<p>Nuestro dispositivo de calentamiento por aire forzado ZZST100\/200\/300\/500\/600 proporciona un calentamiento seguro, silencioso y eficaz a los pacientes antes\/durante\/despu\u00e9s de una intervenci\u00f3n quir\u00fargica.<\/p>\n<p><strong>Lo m\u00e1s destacado:\u00a0\u00a0<\/strong><\/p>\n<ol>\n<li>Alta estabilidad<\/li>\n<li>Bajo nivel de ruido y gran volumen de aire<\/li>\n<li>Altas prestaciones de seguridad<\/li>\n<li>\u00a0Subida y bajada r\u00e1pidas de temp.<\/li>\n<\/ol>\n<pre id=\"tw-target-text\" class=\"tw-data-text tw-text-large tw-ta\" dir=\"ltr\" data-placeholder=\"\u7ffb\u8bd1\" data-ved=\"2ahUKEwilrfXczN2IAxXUsFYBHUIxEwoQ3ewLegQICBAU\" aria-label=\"Tiene un gran volumen de aire y un bajo nivel de ruido.\"><\/pre>","protected":false},"featured_media":1128,"template":"","meta":{"_seopress_robots_primary_cat":"none","_seopress_titles_title":"","_seopress_titles_desc":"","_seopress_robots_index":"","_gspb_post_css":""},"product_cat":[21,23,26],"product_tag":[],"class_list":{"0":"post-811","1":"product","2":"type-product","3":"status-publish","4":"has-post-thumbnail","6":"product_cat-temperature-solution","7":"product_cat-warming-instrument","8":"product_cat-forced-air-warmer","10":"first","11":"instock","12":"shipping-taxable","13":"product-type-simple"},"_links":{"self":[{"href":"https:\/\/www.znzi.net\/es\/wp-json\/wp\/v2\/product\/811"}],"collection":[{"href":"https:\/\/www.znzi.net\/es\/wp-json\/wp\/v2\/product"}],"about":[{"href":"https:\/\/www.znzi.net\/es\/wp-json\/wp\/v2\/types\/product"}],"wp:featuredmedia":[{"embeddable":true,"href":"https:\/\/www.znzi.net\/es\/wp-json\/wp\/v2\/media\/1128"}],"wp:attachment":[{"href":"https:\/\/www.znzi.net\/es\/wp-json\/wp\/v2\/media?parent=811"}],"wp:term":[{"taxonomy":"product_cat","embeddable":true,"href":"https:\/\/www.znzi.net\/es\/wp-json\/wp\/v2\/product_cat?post=811"},{"taxonomy":"product_tag","embeddable":true,"href":"https:\/\/www.znzi.net\/es\/wp-json\/wp\/v2\/product_tag?post=811"}],"curies":[{"name":"wp","href":"https:\/\/api.w.org\/{rel}","templated":true}]}}