{"id":12,"date":"2024-01-29T16:48:06","date_gmt":"2024-01-29T16:48:06","guid":{"rendered":"https:\/\/startersites.io\/blocksy\/smile-dent\/?page_id=12"},"modified":"2025-03-18T13:43:40","modified_gmt":"2025-03-18T05:43:40","slug":"about-us","status":"publish","type":"page","link":"https:\/\/www.znzi.net\/es\/about-us\/","title":{"rendered":"Qui\u00e9nes somos"},"content":{"rendered":"<div class=\"wp-block-greenshift-blocks-row gspb_row gspb_row-id-gsbp-90dd5fd gspb_row--gutter-custom-0\" id=\"gspb_row-id-gsbp-90dd5fd\"><div class=\"gspb_row__content\"> <div class=\"wp-block-greenshift-blocks-row-column gspb_row__col--6 gspb_row__col--md-12 gspb_col-id-gsbp-d560c25\" id=\"gspb_col-id-gsbp-d560c25\">\n\n<h1 id=\"gspb_heading-id-gsbp-2ffee04\" class=\"gspb_heading gspb_heading-id-gsbp-2ffee04\">Acerca de ZNZI Medical <\/h1>\n\n<div id=\"gspb_text-id-gsbp-e310166\" class=\"gspb_text gspb_text-id-gsbp-e310166\">La tecnolog\u00eda m\u00e9dica Co. de Guangdong ZNZI, Ltd. fue establecida en Dec.2017. Es una empresa de alta tecnolog\u00eda especializada en la investigaci\u00f3n y el desarrollo, la producci\u00f3n, las ventas y el servicio postventa perfecto de Solucciones de Temperatura del Paciente con los certificados ISO13485 y CE.<br>\u00a0<br>ZNZI Medical es ampliamente reconocida por su excelente tecnolog\u00eda, precios competitivos y servicios superiores. A continuaci\u00f3n, vamos a seguir a la vanguardia de la innovaci\u00f3n para satisfacer los cambiantes estilos de vida y las necesidades de la enfermedad, por lo que nuestros productos pueden aportar mejores soluciones a la raza humana.<br><br>Pol\u00edtica de calidad:<br>\u505a\u6b63\u77e5\u6b63\u884c\uff0c\u521b\u65b0\u667a\u9020\u4e4b\u4eba; \u8d70\u8d28\u4f18\u4ef7\u5b9e\uff0c\u670d\u52a1\u793e\u4f1a\u4e4b\u8def\u3002<\/div><\/div>\n\n<div class=\"wp-block-greenshift-blocks-row-column gspb_row__col--6 gspb_row__col--md-12 gspb_col-id-gsbp-2affbd5\" id=\"gspb_col-id-gsbp-2affbd5\"><div class=\"wp-block-greenshift-blocks-image gspb_image gspb_image-id-gsbp-960d7e1\" id=\"gspb_image-id-gsbp-960d7e1\"><img decoding=\"async\" src=\"https:\/\/www.znzi.net\/wp-content\/uploads\/2024\/09\/\u56fe\u72471.webp\" data-src=\"\" alt=\"\" loading=\"lazy\" width=\"1266\" height=\"876\"\/><\/div><\/div> <\/div><\/div><div class=\"wp-block-greenshift-blocks-row gspb_row gspb_row-id-gsbp-44398d9 gspb_row--gutter-custom-0\" id=\"gspb_row-id-gsbp-44398d9\"><div class=\"gspb_row__content\"> <div class=\"wp-block-greenshift-blocks-row-column gspb_row__col--8 gspb_row__col--md-12 gspb_col-id-gsbp-6f07b8a\" id=\"gspb_col-id-gsbp-6f07b8a\"><div class=\"wp-block-greenshift-blocks-image gspb_image gspb_image-id-gsbp-2120874\" id=\"gspb_image-id-gsbp-2120874\"><img decoding=\"async\" src=\"https:\/\/www.znzi.net\/wp-content\/uploads\/2024\/09\/119cce45637a491e023f47feb3fa8a8.webp\" data-src=\"\" alt=\"\" loading=\"lazy\" width=\"862\" height=\"575\"\/><\/div><\/div>\n\n<div class=\"wp-block-greenshift-blocks-row-column gspb_row__col--4 gspb_row__col--md-12 gspb_col-id-gsbp-bff518b\" id=\"gspb_col-id-gsbp-bff518b\"><h2 id=\"gspb_heading-id-gsbp-4cdc2ea\" class=\"gspb_heading gspb_heading-id-gsbp-4cdc2ea\">Nuestra sala de exposiciones<\/h2><\/div> <\/div><\/div><div class=\"wp-block-greenshift-blocks-row gspb_row gspb_row-id-gsbp-8404c97 gspb_row--gutter-custom-0\" id=\"gspb_row-id-gsbp-8404c97\"><div class=\"gspb_row__content\"> <div class=\"wp-block-greenshift-blocks-row-column gspb_row__col--4 gspb_row__col--md-12 gspb_col-id-gsbp-290a44a\" id=\"gspb_col-id-gsbp-290a44a\"><h2 id=\"gspb_heading-id-gsbp-18426c3\" class=\"gspb_heading gspb_heading-id-gsbp-18426c3\">Nuestra oficina<\/h2><\/div>\n\n<div class=\"wp-block-greenshift-blocks-row-column gspb_row__col--8 gspb_row__col--md-12 gspb_col-id-gsbp-e2402ce\" id=\"gspb_col-id-gsbp-e2402ce\"><div class=\"wp-block-greenshift-blocks-image gspb_image gspb_image-id-gsbp-76efcac\" id=\"gspb_image-id-gsbp-76efcac\"><img decoding=\"async\" src=\"https:\/\/www.znzi.net\/wp-content\/uploads\/2024\/09\/2e5af2e820a40b75ea2d907075a8368.webp\" data-src=\"\" alt=\"\" loading=\"lazy\" width=\"1285\" height=\"568\"\/><\/div><\/div> <\/div><\/div><div class=\"wp-block-greenshift-blocks-row gspb_row gspb_row-id-gsbp-88ee617 gspb_row--gutter-custom-0\" id=\"gspb_row-id-gsbp-88ee617\"><div class=\"gspb_row__content\"> <div class=\"wp-block-greenshift-blocks-row-column gspb_row__col--8 gspb_row__col--md-12 gspb_col-id-gsbp-8d4c607\" id=\"gspb_col-id-gsbp-8d4c607\"><div class=\"wp-block-greenshift-blocks-image gspb_image gspb_image-id-gsbp-46b1adc\" id=\"gspb_image-id-gsbp-46b1adc\"><img decoding=\"async\" src=\"https:\/\/www.znzi.net\/wp-content\/uploads\/2024\/09\/3738f58c8f2af339c41a3abe3f4c0fd.webp\" data-src=\"\" alt=\"\" loading=\"lazy\" width=\"1249\" height=\"556\"\/><\/div><\/div>\n\n<div class=\"wp-block-greenshift-blocks-row-column gspb_row__col--4 gspb_row__col--md-12 gspb_col-id-gsbp-33b7284\" id=\"gspb_col-id-gsbp-33b7284\"><h2 id=\"gspb_heading-id-gsbp-8e1455c\" class=\"gspb_heading gspb_heading-id-gsbp-8e1455c\">Nuestro taller limpio<\/h2><\/div> <\/div><\/div><div class=\"wp-block-greenshift-blocks-container gspb_container gspb_container-gsbp-b565ac4\" id=\"gspb_container-id-gsbp-b565ac4\"><h2 id=\"gspb_heading-id-gsbp-d1b4c76\" class=\"gspb_heading gspb_heading-id-gsbp-d1b4c76\">Manchines De Producci\u00f3n Y Laboratorio<\/h2>\n\n<div class=\"wp-block-greenshift-blocks-image gspb_image gspb_image-id-gsbp-96c5561\" id=\"gspb_image-id-gsbp-96c5561\"><img decoding=\"async\" src=\"https:\/\/www.znzi.net\/wp-content\/uploads\/2024\/09\/905d26d472d367fa872cd990f6882e8.webp\" data-src=\"\" alt=\"\" loading=\"lazy\" width=\"1216\" height=\"608\"\/><\/div><\/div><div class=\"wp-block-greenshift-blocks-row gspb_row gspb_row-id-gsbp-010ae54 gspb_row--gutter-custom-0\" id=\"gspb_row-id-gsbp-010ae54\"><div class=\"gspb_row__content\"> <div class=\"wp-block-greenshift-blocks-row-column gspb_row__col--8 gspb_row__col--md-12 gspb_col-id-gsbp-1e553da\" id=\"gspb_col-id-gsbp-1e553da\"><h2 id=\"gspb_heading-id-gsbp-5ca75a1\" class=\"gspb_heading gspb_heading-id-gsbp-5ca75a1\">Somos una f\u00e1brica confiable en China.<\/h2><\/div>\n\n<div class=\"wp-block-greenshift-blocks-row-column gspb_row__col--4 gspb_row__col--md-12 gspb_col-id-gsbp-9af8aed\" id=\"gspb_col-id-gsbp-9af8aed\"><div class=\"gspb_button_wrapper gspb_button-id-gsbp-c9d4821\" id=\"gspb_button-id-gsbp-c9d4821\"><a class=\"wp-block-greenshift-blocks-buttonbox gspb-buttonbox wp-element-button\" href=\"https:\/\/www.znzi.net\/es\/contact\/\" target=\"_blank\" rel=\"noopener\"><span class=\"gspb-buttonbox-textwrap\"><span class=\"gspb-buttonbox-text\"><span class=\"gspb-buttonbox-title\">Comienza un feliz viaje de negocios.<\/span><\/span><span class=\"gspb-buttonbox-icon\"><svg xmlns=\"http:\/\/www.w3.org\/2000\/svg\" style=\"width:5rem;height:5rem;margin:10px\" viewbox=\"0 0 24 24\"><path fill-rule=\"evenodd\" d=\"M24 0v22.78h-2.87V4.9L2.03 24 0 21.97l19.1-19.1H1.26V0H24Z\"><\/path><\/svg><\/span><\/span><\/a><\/div><\/div> <\/div><\/div><p><\/p>","protected":false},"excerpt":{"rendered":"","protected":false},"author":1,"featured_media":0,"parent":0,"menu_order":0,"comment_status":"closed","ping_status":"closed","template":"","meta":{"_seopress_robots_primary_cat":"","_seopress_titles_title":"","_seopress_titles_desc":"","_seopress_robots_index":"","_gspb_post_css":"#gspb_row-id-gsbp-90dd5fd{justify-content:space-between;margin-top:0;display:flex;flex-wrap:wrap;margin-bottom:120px;padding:0 20px}#gspb_row-id-gsbp-90dd5fd>.gspb_row__content{display:flex;justify-content:space-between;margin:0 auto;width:100%;flex-wrap:wrap}div[id^=gspb_col-id]{box-sizing:border-box;position:relative;padding:15px min(3vw,20px)}@media (max-width:991.98px){#gspb_row-id-gsbp-90dd5fd>.gspb_row__content{row-gap:30px}}@media (max-width:991.98px){#gspb_row-id-gsbp-90dd5fd{margin-bottom:80px;padding-right:50px;padding-left:50px}}@media (max-width:575.98px){#gspb_row-id-gsbp-90dd5fd{margin-bottom:60px;padding-right:35px;padding-left:35px}}#gspb_row-id-gsbp-90dd5fd{background-color:var(--wp--preset--color--palette-color-7, var(--theme-palette-color-7, #F7FAFD))}#gspb_row-id-gsbp-90dd5fd,#gspb_row-id-gsbp-90dd5fd>.gspb_backgroundOverlay{border-top-left-radius:40px;border-top-right-radius:40px;border-bottom-right-radius:40px;border-bottom-left-radius:40px}#gspb_col-id-gsbp-d560c25.gspb_row__col--6{width:calc(50% - 15px)}@media (max-width:991.98px){#gspb_col-id-gsbp-d560c25.gspb_row__col--6{width:100%}}@media (max-width:767.98px){#gspb_col-id-gsbp-d560c25.gspb_row__col--6{width:calc(100% - 15px)}}@media (max-width:575.98px){#gspb_col-id-gsbp-d560c25.gspb_row__col--6{width:100%}}.gspb_row #gspb_col-id-gsbp-d560c25.gspb_row__col--6{padding:50px 0}@media (max-width:991.98px){.gspb_row #gspb_col-id-gsbp-d560c25.gspb_row__col--6{padding-bottom:0}}body #gspb_col-id-gsbp-d560c25.gspb_row__col--6{display:flex;flex-direction:column;justify-content:center}@media (max-width:991.98px){body #gspb_col-id-gsbp-d560c25.gspb_row__col--6{align-items:center}}#gspb_heading-id-gsbp-2ffee04{font-size:50px}@media (max-width:991.98px){#gspb_heading-id-gsbp-2ffee04{font-size:35px}}@media (max-width:575.98px){#gspb_heading-id-gsbp-2ffee04{font-size:30px}}@media (max-width:991.98px){#gspb_heading-id-gsbp-2ffee04,#gspb_heading-id-gsbp-2ffee04 .gsap-g-line{text-align:center!important}}#gspb_heading-id-gsbp-2ffee04{font-weight:800!important;margin-top:0;margin-bottom:10px}@media (max-width:991.98px){.gspb_text-id-gsbp-e310166,.gspb_text-id-gsbp-e310166 .gsap-g-line{text-align:center!important}}.gspb_text-id-gsbp-e310166{margin-bottom:40px!important}#gspb_col-id-gsbp-2affbd5.gspb_row__col--6{width:calc(50% - 15px)}@media (max-width:991.98px){#gspb_col-id-gsbp-2affbd5.gspb_row__col--6{width:100%}}@media (max-width:767.98px){#gspb_col-id-gsbp-2affbd5.gspb_row__col--6{width:calc(100% - 15px)}}@media (max-width:575.98px){#gspb_col-id-gsbp-2affbd5.gspb_row__col--6{width:100%}}.gspb_row #gspb_col-id-gsbp-290a44a.gspb_row__col--4,.gspb_row #gspb_col-id-gsbp-2affbd5.gspb_row__col--6,.gspb_row #gspb_col-id-gsbp-33b7284.gspb_row__col--4,.gspb_row #gspb_col-id-gsbp-6f07b8a.gspb_row__col--8,.gspb_row #gspb_col-id-gsbp-8d4c607.gspb_row__col--8,.gspb_row #gspb_col-id-gsbp-bff518b.gspb_row__col--4,.gspb_row #gspb_col-id-gsbp-e2402ce.gspb_row__col--8{padding:0}body #gspb_col-id-gsbp-2affbd5.gspb_row__col--6{display:flex;flex-direction:column;justify-content:center}#gspb_image-id-gsbp-960d7e1 img{vertical-align:top;display:inline-block;box-sizing:border-box;max-width:100%;height:auto}#gspb_image-id-gsbp-960d7e1{padding-top:30px}#gspb_row-id-gsbp-44398d9{justify-content:space-between;margin-top:0;display:flex;flex-wrap:wrap;margin-bottom:120px}#gspb_row-id-gsbp-44398d9>.gspb_row__content{display:flex;justify-content:space-between;margin:0 auto;width:100%;flex-wrap:wrap}@media (max-width:991.98px){#gspb_row-id-gsbp-44398d9>.gspb_row__content{row-gap:40px}}body.gspb-bodyfront #gspb_row-id-gsbp-44398d9>.gspb_row__content,body.gspb-bodyfront #gspb_row-id-gsbp-90dd5fd>.gspb_row__content{width:var(--theme-container-width, 1200px);max-width:var(--theme-normal-container-max-width, 1200px)}@media (max-width:991.98px){#gspb_row-id-gsbp-44398d9{margin-bottom:80px}}@media (max-width:575.98px){#gspb_row-id-gsbp-44398d9{margin-bottom:60px}}#gspb_col-id-gsbp-6f07b8a.gspb_row__col--8{width:calc(66.66666666666667% - 25px)}@media (max-width:991.98px){#gspb_col-id-gsbp-6f07b8a.gspb_row__col--8{width:100%}}@media (max-width:767.98px){#gspb_col-id-gsbp-6f07b8a.gspb_row__col--8{width:calc(100% - 25px)}}@media (max-width:575.98px){#gspb_col-id-gsbp-6f07b8a.gspb_row__col--8{width:100%}}@media (max-width:991.98px){#gspb_image-id-gsbp-2120874 img{object-fit:cover;object-position:51% 16%}}#gspb_image-id-gsbp-2120874 img{vertical-align:top;display:inline-block;box-sizing:border-box;max-width:100%;height:auto;border-top-left-radius:40px;border-top-right-radius:40px;border-bottom-right-radius:40px;border-bottom-left-radius:40px}body.gspb-bodyfront #gspb_image-id-gsbp-2120874{position:relative;z-index:1}@media (max-width:991.98px){#gspb_image-id-gsbp-2120874 img{width:100%;height:400px}#gspb_image-id-gsbp-2120874{height:400px}}#gspb_col-id-gsbp-bff518b.gspb_row__col--4{width:calc(33.333333333333336% - 25px)}@media (max-width:991.98px){#gspb_col-id-gsbp-bff518b.gspb_row__col--4{width:100%}}@media (max-width:767.98px){#gspb_col-id-gsbp-bff518b.gspb_row__col--4{width:calc(100% - 25px)}}@media (max-width:575.98px){#gspb_col-id-gsbp-bff518b.gspb_row__col--4{width:100%}}body #gspb_col-id-gsbp-290a44a.gspb_row__col--4,body #gspb_col-id-gsbp-bff518b.gspb_row__col--4{display:flex;flex-direction:column;justify-content:center}@media (max-width:991.98px){#gspb_heading-id-gsbp-4cdc2ea{font-size:30px}}@media (max-width:575.98px){#gspb_heading-id-gsbp-4cdc2ea{font-size:25px}}@media (max-width:991.98px){#gspb_heading-id-gsbp-4cdc2ea,#gspb_heading-id-gsbp-4cdc2ea .gsap-g-line{text-align:center!important}}#gspb_heading-id-gsbp-4cdc2ea{margin-top:0;margin-bottom:10px}#gspb_row-id-gsbp-8404c97{justify-content:space-between;margin-top:0;display:flex;flex-wrap:wrap;margin-bottom:120px}#gspb_row-id-gsbp-8404c97>.gspb_row__content{display:flex;justify-content:space-between;margin:0 auto;width:100%;flex-wrap:wrap}@media (max-width:991.98px){#gspb_row-id-gsbp-8404c97>.gspb_row__content{row-gap:40px}}@media (max-width:991.98px){#gspb_row-id-gsbp-8404c97{margin-bottom:80px}}@media (max-width:575.98px){#gspb_row-id-gsbp-8404c97{margin-bottom:60px}}#gspb_col-id-gsbp-290a44a.gspb_row__col--4{width:calc(33.333333333333336% - 25px)}@media (max-width:991.98px){#gspb_col-id-gsbp-290a44a.gspb_row__col--4{width:100%}}@media (max-width:767.98px){#gspb_col-id-gsbp-290a44a.gspb_row__col--4{width:calc(100% - 25px)}}@media (max-width:575.98px){#gspb_col-id-gsbp-290a44a.gspb_row__col--4{width:100%}}@media (max-width:991.98px){#gspb_heading-id-gsbp-18426c3{font-size:30px}}@media (max-width:575.98px){#gspb_heading-id-gsbp-18426c3{font-size:25px}}#gspb_heading-id-gsbp-18426c3,#gspb_heading-id-gsbp-18426c3 .gsap-g-line{text-align:center!important}@media (max-width:991.98px){#gspb_heading-id-gsbp-18426c3,#gspb_heading-id-gsbp-18426c3 .gsap-g-line{text-align:center!important}}#gspb_heading-id-gsbp-18426c3{margin-top:0;margin-bottom:10px}#gspb_col-id-gsbp-e2402ce.gspb_row__col--8{width:calc(66.66666666666667% - 25px)}@media (max-width:991.98px){#gspb_col-id-gsbp-e2402ce.gspb_row__col--8{width:100%}}@media (max-width:767.98px){#gspb_col-id-gsbp-e2402ce.gspb_row__col--8{width:calc(100% - 25px)}}@media (max-width:575.98px){#gspb_col-id-gsbp-e2402ce.gspb_row__col--8{width:100%}}@media (max-width:991.98px){#gspb_image-id-gsbp-76efcac img{object-fit:cover;object-position:51% 16%}}#gspb_image-id-gsbp-76efcac img{vertical-align:top;display:inline-block;box-sizing:border-box;max-width:100%;height:auto;border-top-left-radius:40px;border-top-right-radius:40px;border-bottom-right-radius:40px;border-bottom-left-radius:40px}body.gspb-bodyfront #gspb_image-id-gsbp-46b1adc,body.gspb-bodyfront #gspb_image-id-gsbp-76efcac{position:relative;z-index:1}@media (max-width:991.98px){#gspb_image-id-gsbp-76efcac img{width:100%;height:400px}#gspb_image-id-gsbp-76efcac{height:400px}}#gspb_row-id-gsbp-88ee617{justify-content:space-between;margin-top:0;display:flex;flex-wrap:wrap;margin-bottom:120px}#gspb_row-id-gsbp-88ee617>.gspb_row__content{display:flex;justify-content:space-between;margin:0 auto;width:100%;flex-wrap:wrap}@media (max-width:991.98px){#gspb_row-id-gsbp-88ee617>.gspb_row__content{row-gap:40px}}body.gspb-bodyfront #gspb_row-id-gsbp-8404c97>.gspb_row__content,body.gspb-bodyfront #gspb_row-id-gsbp-88ee617>.gspb_row__content{width:var(--theme-container-width, 1200px);max-width:var(--theme-normal-container-max-width, 1200px)}@media (max-width:991.98px){#gspb_row-id-gsbp-88ee617{margin-bottom:80px}}@media (max-width:575.98px){#gspb_row-id-gsbp-88ee617{margin-bottom:60px}}#gspb_col-id-gsbp-8d4c607.gspb_row__col--8{width:calc(66.66666666666667% - 25px)}@media (max-width:991.98px){#gspb_col-id-gsbp-8d4c607.gspb_row__col--8{width:100%}}@media (max-width:767.98px){#gspb_col-id-gsbp-8d4c607.gspb_row__col--8{width:calc(100% - 25px)}}@media (max-width:575.98px){#gspb_col-id-gsbp-8d4c607.gspb_row__col--8{width:100%}}@media (max-width:991.98px){#gspb_image-id-gsbp-46b1adc img{object-fit:cover;object-position:51% 16%}}#gspb_image-id-gsbp-46b1adc img{vertical-align:top;display:inline-block;box-sizing:border-box;max-width:100%;height:auto;border-top-left-radius:40px;border-top-right-radius:40px;border-bottom-right-radius:40px;border-bottom-left-radius:40px}@media (max-width:991.98px){#gspb_image-id-gsbp-46b1adc img{width:100%;height:400px}#gspb_image-id-gsbp-46b1adc{height:400px}}#gspb_col-id-gsbp-33b7284.gspb_row__col--4{width:calc(33.333333333333336% - 25px)}@media (max-width:991.98px){#gspb_col-id-gsbp-33b7284.gspb_row__col--4{width:100%}}@media (max-width:767.98px){#gspb_col-id-gsbp-33b7284.gspb_row__col--4{width:calc(100% - 25px)}}@media (max-width:575.98px){#gspb_col-id-gsbp-33b7284.gspb_row__col--4{width:100%}}body #gspb_col-id-gsbp-33b7284.gspb_row__col--4{display:flex;flex-direction:column;justify-content:center}@media (max-width:991.98px){#gspb_heading-id-gsbp-8e1455c{font-size:30px}}@media (max-width:575.98px){#gspb_heading-id-gsbp-8e1455c{font-size:25px}}@media (max-width:991.98px){#gspb_heading-id-gsbp-8e1455c,#gspb_heading-id-gsbp-8e1455c .gsap-g-line{text-align:center!important}}#gspb_heading-id-gsbp-8e1455c{margin-top:0;margin-bottom:10px}.gspb_container-id-gsbp-b565ac4{flex-direction:column;box-sizing:border-box}#gspb_container-id-gsbp-b565ac4.gspb_container>p:last-of-type{margin-bottom:0}.gspb_container,.gspb_row{position:relative}#gspb_container-id-gsbp-b565ac4.gspb_container{display:flex;flex-direction:column;align-items:center;margin-bottom:52px}@media (max-width:991.98px){#gspb_container-id-gsbp-b565ac4.gspb_container{margin-bottom:40px}#gspb_heading-id-gsbp-d1b4c76{font-size:30px}}@media (max-width:575.98px){#gspb_heading-id-gsbp-d1b4c76{font-size:25px}}#gspb_heading-id-gsbp-d1b4c76,#gspb_heading-id-gsbp-d1b4c76 .gsap-g-line{text-align:center!important}#gspb_heading-id-gsbp-d1b4c76{margin-top:0;margin-bottom:10px}#gspb_image-id-gsbp-96c5561 img{vertical-align:top;display:inline-block;box-sizing:border-box;max-width:100%;height:auto}#gspb_row-id-gsbp-010ae54{justify-content:space-between;margin-top:0;margin-bottom:0;display:flex;flex-wrap:wrap;padding:80px}#gspb_row-id-gsbp-010ae54>.gspb_row__content{display:flex;justify-content:space-between;margin:0 auto;width:100%;flex-wrap:wrap}@media (max-width:991.98px){#gspb_row-id-gsbp-010ae54>.gspb_row__content{row-gap:40px}}@media (max-width:575.98px){#gspb_row-id-gsbp-010ae54>.gspb_row__content{row-gap:30px}}body.gspb-bodyfront #gspb_row-id-gsbp-010ae54>.gspb_row__content{width:var(--theme-container-width, 1200px);max-width:var(--theme-normal-container-max-width, 1200px)}@media (max-width:991.98px){#gspb_row-id-gsbp-010ae54{padding:50px}}@media (max-width:575.98px){#gspb_row-id-gsbp-010ae54{padding:50px 35px}}#gspb_row-id-gsbp-010ae54{background-color:var(--wp--preset--color--palette-color-2, var(--theme-palette-color-2, #24417C))}#gspb_row-id-gsbp-010ae54,#gspb_row-id-gsbp-010ae54>.gspb_backgroundOverlay{border-top-left-radius:40px;border-top-right-radius:40px;border-bottom-right-radius:40px;border-bottom-left-radius:40px}body.gspb-bodyfront #gspb_row-id-gsbp-010ae54{z-index:3}#gspb_col-id-gsbp-1e553da.gspb_row__col--8{width:calc(66.66666666666667% - 50px)}@media (max-width:991.98px){#gspb_col-id-gsbp-1e553da.gspb_row__col--8{width:100%}}@media (max-width:767.98px){#gspb_col-id-gsbp-1e553da.gspb_row__col--8{width:calc(100% - 50px)}}@media (max-width:575.98px){#gspb_col-id-gsbp-1e553da.gspb_row__col--8{width:100%}}.gspb_row #gspb_col-id-gsbp-1e553da.gspb_row__col--8{margin:0;padding:0}body #gspb_col-id-gsbp-1e553da.gspb_row__col--8{display:flex;flex-direction:column;justify-content:center}@media (max-width:991.98px){#gspb_heading-id-gsbp-5ca75a1{font-size:30px}}@media (max-width:575.98px){#gspb_heading-id-gsbp-5ca75a1{font-size:25px}}@media (max-width:991.98px){#gspb_heading-id-gsbp-5ca75a1,#gspb_heading-id-gsbp-5ca75a1 .gsap-g-line{text-align:center!important}}#gspb_heading-id-gsbp-5ca75a1{font-weight:800!important;color:var(--wp--preset--color--palette-color-8, var(--theme-palette-color-8, #ffffff));margin-top:0;margin-bottom:10px}#gspb_col-id-gsbp-9af8aed.gspb_row__col--4{width:calc(33.333333333333336% - 50px)}@media (max-width:991.98px){#gspb_col-id-gsbp-9af8aed.gspb_row__col--4{width:100%}}@media (max-width:767.98px){#gspb_col-id-gsbp-9af8aed.gspb_row__col--4{width:calc(100% - 50px)}}@media (max-width:575.98px){#gspb_col-id-gsbp-9af8aed.gspb_row__col--4{width:100%}}@media (max-width:991.98px){#gspb_col-id-gsbp-9af8aed.gspb_row__col--4{order:-1}}.gspb_row #gspb_col-id-gsbp-9af8aed.gspb_row__col--4{padding:0}body #gspb_col-id-gsbp-9af8aed.gspb_row__col--4{display:flex;justify-content:center;align-items:center}#gspb_button-id-gsbp-c9d4821{display:flex;justify-content:flex-start}#gspb_button-id-gsbp-c9d4821 .gspb-buttonbox-text{display:flex;flex-direction:column}#gspb_button-id-gsbp-c9d4821>.gspb-buttonbox{box-sizing:border-box}#gspb_button-id-gsbp-c9d4821>.gspb-buttonbox>.gspb-buttonbox-textwrap>.gspb-buttonbox-icon{display:flex}#gspb_button-id-gsbp-c9d4821>.gspb-buttonbox .gspb-buttonbox-icon svg{height:13px!important;width:13px!important;min-width:13px!important}@media (max-width:575.98px){#gspb_button-id-gsbp-c9d4821>.gspb-buttonbox .gspb-buttonbox-icon svg{height:10px!important;width:10px!important;min-width:10px!important}}#gspb_button-id-gsbp-c9d4821>.gspb-buttonbox .gspb-buttonbox-icon svg,#gspb_button-id-gsbp-c9d4821>.gspb-buttonbox .gspb-buttonbox-icon svg path{fill:currentColor!important}#gspb_button-id-gsbp-c9d4821>.gspb-buttonbox .gspb-buttonbox-icon svg{margin:0!important}#gspb_button-id-gsbp-c9d4821>.gspb-buttonbox>.gspb-buttonbox-textwrap{display:flex;flex-direction:row;align-items:center}#gspb_button-id-gsbp-c9d4821 .gspb-buttonbox-icon{margin-left:13px}@media (max-width:991.98px){#gspb_button-id-gsbp-c9d4821{justify-content:center}}#gspb_button-id-gsbp-c9d4821>.gspb-buttonbox{background-color:var(--wp--preset--color--palette-color-8, var(--theme-palette-color-8, #ffffff));color:var(--wp--preset--color--palette-color-2, var(--theme-palette-color-2, #24417C))}#gspb_button-id-gsbp-c9d4821>.gspb-buttonbox:hover{background-color:var(--wp--preset--color--palette-color-9, var(--theme-palette-color-9, #FFE8DA))!important}","footnotes":""},"class_list":["post-12","page","type-page","status-publish","hentry"],"blocksy_meta":{"has_hero_section":"disabled","vertical_spacing_source":"custom","content_area_spacing":"bottom","styles_descriptor":{"styles":{"desktop":"","tablet":"","mobile":""},"google_fonts":[],"version":6}},"_links":{"self":[{"href":"https:\/\/www.znzi.net\/es\/wp-json\/wp\/v2\/pages\/12"}],"collection":[{"href":"https:\/\/www.znzi.net\/es\/wp-json\/wp\/v2\/pages"}],"about":[{"href":"https:\/\/www.znzi.net\/es\/wp-json\/wp\/v2\/types\/page"}],"author":[{"embeddable":true,"href":"https:\/\/www.znzi.net\/es\/wp-json\/wp\/v2\/users\/1"}],"replies":[{"embeddable":true,"href":"https:\/\/www.znzi.net\/es\/wp-json\/wp\/v2\/comments?post=12"}],"version-history":[{"count":27,"href":"https:\/\/www.znzi.net\/es\/wp-json\/wp\/v2\/pages\/12\/revisions"}],"predecessor-version":[{"id":1033,"href":"https:\/\/www.znzi.net\/es\/wp-json\/wp\/v2\/pages\/12\/revisions\/1033"}],"wp:attachment":[{"href":"https:\/\/www.znzi.net\/es\/wp-json\/wp\/v2\/media?parent=12"}],"curies":[{"name":"wp","href":"https:\/\/api.w.org\/{rel}","templated":true}]}}