{"id":858,"date":"2024-09-26T11:48:42","date_gmt":"2024-09-26T03:48:42","guid":{"rendered":"https:\/\/www.znzi.net\/?post_type=product&#038;p=858"},"modified":"2025-10-22T09:54:14","modified_gmt":"2025-10-22T01:54:14","slug":"carbon-fiber-warming-blanket","status":"publish","type":"product","link":"https:\/\/www.znzi.net\/de\/products\/carbon-fiber-warming-blanket\/","title":{"rendered":"Kohlefaser-W\u00e4rmedecke"},"content":{"rendered":"<h2>Beschreibung<\/h2>\n<p>Das Produkt besteht aus einer Heizeinheit, einem Sensor und einer Kohlefaserdecke. Durch die Erzeugung von W\u00e4rme aus elektrischer Energie kann es den K\u00f6rper des Patienten in vitro erw\u00e4rmen und Hypothermie wirksam verhindern und behandeln.<\/p>\n<p>&nbsp;<\/p>\n<h2>Heizger\u00e4t Modell Leistung<\/h2>\n<table style=\"border-collapse: collapse; width: 855.77pt;\" border=\"0\" width=\"1141\" cellspacing=\"0\" cellpadding=\"0\">\n<tbody>\n<tr style=\"height: 72.00pt;\">\n<td class=\"et3\" style=\"height: 72pt; width: 122.25pt; text-align: center;\" width=\"163\" height=\"96\"><\/td>\n<td class=\"et4\" style=\"width: 122.25pt; text-align: center;\" width=\"163\">ZZSW310<\/td>\n<td class=\"et4\" style=\"width: 122.25pt; text-align: center;\" width=\"163\">ZZSW510<\/td>\n<td class=\"et4\" style=\"width: 122.25pt; text-align: center;\" width=\"163\">ZZSW320<\/td>\n<td class=\"et4\" style=\"width: 122.25pt; text-align: center;\" width=\"163\">ZZSW620<\/td>\n<td class=\"et4\" style=\"width: 122.25pt; text-align: center;\" width=\"163\">ZZSW330<\/td>\n<td class=\"et4\" style=\"width: 122.25pt; text-align: center;\" width=\"163\">ZZSW630<\/td>\n<\/tr>\n<tr style=\"height: 50.00pt;\">\n<td class=\"et4\" style=\"height: 50pt; text-align: center;\" height=\"66\">Kanal<\/td>\n<td class=\"et5\" style=\"border-right: 0.5pt solid #000000; text-align: center;\" colspan=\"2\">Einzelner Kanal<\/td>\n<td class=\"et5\" style=\"border-right: 0.5pt solid #000000; text-align: center;\" colspan=\"2\">Zweikanal<\/td>\n<td class=\"et5\" style=\"border-right: 0.5pt solid #000000; text-align: center;\" colspan=\"2\">Drei-Wege-Kanal<\/td>\n<\/tr>\n<tr style=\"height: 57.00pt;\">\n<td class=\"et4\" style=\"height: 57pt; text-align: center;\" height=\"76\">Betriebsart<\/td>\n<td class=\"et5\" style=\"border-right: 0.5pt solid #000000; text-align: center;\" colspan=\"3\">Von Hand gef\u00fchrt<\/td>\n<td class=\"et8\" style=\"width: 122.25pt; text-align: center;\" width=\"163\">Von Hand gef\u00fchrt<br \/>\n&amp;Automatisch<\/td>\n<td class=\"et3\" style=\"text-align: center;\">Von Hand gef\u00fchrt<\/td>\n<td class=\"et8\" style=\"width: 122.25pt; text-align: center;\" width=\"163\">Von Hand gef\u00fchrt<br \/>\n&amp;Automatisch<\/td>\n<\/tr>\n<tr style=\"height: 57.00pt;\">\n<td class=\"et9\" style=\"height: 57pt; width: 122.25pt; text-align: center;\" width=\"163\" height=\"76\">K\u00f6rpertemperatur<br \/>\n\u00dcberwachung<\/td>\n<td class=\"et10\" style=\"text-align: center;\">\u00d7<\/td>\n<td class=\"et10\" style=\"text-align: center;\">\u00d7<\/td>\n<td class=\"et10\" style=\"text-align: center;\">\u00d7<\/td>\n<td class=\"et10\" style=\"text-align: center;\">\u221a<\/td>\n<td class=\"et10\" style=\"text-align: center;\">\u00d7<\/td>\n<td class=\"et10\" style=\"text-align: center;\">\u221a<\/td>\n<\/tr>\n<\/tbody>\n<\/table>\n<p>&nbsp;<\/p>\n<h2>Temperatur einstellen<\/h2>\n<p>Der Temperaturkontrollbereich f\u00fcr den Handbetrieb der Kohlefaserdecke ist von 32\u00b0C bis 39\u00b0C mit einer Schrittweite von 0,1\u00b0C einstellbar.<\/p>\n<p>Der Temperaturbereich f\u00fcr den automatischen Betrieb ist in 0,1\u00b0C-Schritten von 34,5\u00b0C bis 37\u00b0C einstellbar.<\/p>\n<p>&nbsp;<\/p>\n<p><!--more--><\/p>","protected":false},"excerpt":{"rendered":"<p>Das Produkt besteht aus einer Heizeinheit, einem Sensor und einer Kohlefasermatte.<\/p>\n<h4>H\u00f6hepunkt:<\/h4>\n<ul>\n<li>\u00a0Weich und bequem<\/li>\n<li>Mehrere Temperaturf\u00fchler<\/li>\n<li>Einige Modelle haben Batterien<\/li>\n<li>Die aktuelle Temperatur kann angezeigt werden.<\/li>\n<\/ul>\n<p>&nbsp;<\/p>","protected":false},"featured_media":1031,"template":"","meta":{"_seopress_robots_primary_cat":"none","_seopress_titles_title":"","_seopress_titles_desc":"","_seopress_robots_index":"","_gspb_post_css":""},"product_cat":[28,21],"product_tag":[],"class_list":{"0":"post-858","1":"product","2":"type-product","3":"status-publish","4":"has-post-thumbnail","6":"product_cat-carbon-fiber-warming-blanket","7":"product_cat-temperature-solution","9":"first","10":"instock","11":"shipping-taxable","12":"product-type-simple"},"_links":{"self":[{"href":"https:\/\/www.znzi.net\/de\/wp-json\/wp\/v2\/product\/858"}],"collection":[{"href":"https:\/\/www.znzi.net\/de\/wp-json\/wp\/v2\/product"}],"about":[{"href":"https:\/\/www.znzi.net\/de\/wp-json\/wp\/v2\/types\/product"}],"wp:featuredmedia":[{"embeddable":true,"href":"https:\/\/www.znzi.net\/de\/wp-json\/wp\/v2\/media\/1031"}],"wp:attachment":[{"href":"https:\/\/www.znzi.net\/de\/wp-json\/wp\/v2\/media?parent=858"}],"wp:term":[{"taxonomy":"product_cat","embeddable":true,"href":"https:\/\/www.znzi.net\/de\/wp-json\/wp\/v2\/product_cat?post=858"},{"taxonomy":"product_tag","embeddable":true,"href":"https:\/\/www.znzi.net\/de\/wp-json\/wp\/v2\/product_tag?post=858"}],"curies":[{"name":"wp","href":"https:\/\/api.w.org\/{rel}","templated":true}]}}