{"id":846,"date":"2024-09-26T10:50:53","date_gmt":"2024-09-26T02:50:53","guid":{"rendered":"https:\/\/www.znzi.net\/?post_type=product&#038;p=846"},"modified":"2024-09-30T17:11:33","modified_gmt":"2024-09-30T09:11:33","slug":"disposable-non-woven-blanket","status":"publish","type":"product","link":"https:\/\/www.znzi.net\/de\/products\/disposable-non-woven-blanket\/","title":{"rendered":"Einweg-Vlies-Decke"},"content":{"rendered":"<h2 style=\"text-align: center;\">Produktmerkmal<\/h2>\n<h3>Gute Heizwirkung<\/h3>\n<p>Das Material der Decke ist weich und hautfreundlich, kann R\u00f6ntgenstrahlen durchlassen. Die perforierte Art wird gew\u00e4hlt, um das Entl\u00fcftungsloch zu machen, so dass die hei\u00dfe Luft gleichm\u00e4\u00dfig verteilt wird und die L\u00fcftungswirkung realisiert wird. W\u00e4hlen Sie strukturelles, mikropor\u00f6ses, atmungsaktives Material mit Schmelzblas-Technologie Schichtfiltration, kein Wind und gleichm\u00e4\u00dfige Bel\u00fcftung, um eine gleichm\u00e4\u00dfige W\u00e4rme\u00fcbertragung zu gew\u00e4hrleisten. Nicht leicht zu brechen, nicht schwimmen.<\/p>\n<p>&nbsp;<\/p>\n<h3>Die Spezifikationen sind umfangreich, innovativ und flexibel<\/h3>\n<p>Es gibt 32 Arten von Decken, einige Deckenarten bieten eine transparente Kunststofffolie, die den Kopf des Patienten abdeckt, so dass der Arzt den Patienten gut beobachten kann. Die Matte Decke ist mit Drainagel\u00f6chern und Druck gestrichelte Linien auf beiden Seiten zu sammeln intraoperative Fl\u00fcssigkeit, die Dekubitus zu verhindern und vermeiden die versteckte Gefahr durch intraoperative Fl\u00fcssigkeit auf die Sicherheit der Patienten verursacht.<\/p>\n<p>&nbsp;<\/p>\n<h3>Einfach zu bedienen<\/h3>\n<p>Der Lufteinlass von Blanket ist mit Ger\u00e4ten anderer Hersteller kompatibel. Einige Modelle verf\u00fcgen \u00fcber mehrere Lufteinl\u00e4sse, die f\u00fcr den klinischen Einsatz geeignet sind. Auf beiden Seiten ist Platz f\u00fcr die Befestigung von Decken vorgesehen.<\/p>\n<p>&nbsp;<\/p>\n<h3>Patentiertes Produkt<\/h3>\n<p>Die Decke verwendet die zentrale Sammlertechnologie, und auf beiden Seiten befinden sich Luftsch\u00e4chte, die einen geschlossenen Raum bilden, um sicherzustellen, dass die W\u00e4rmeverteilung der Decke gleichm\u00e4\u00dfig und effizient ist, und um die allgemeine Heizwirkung zu verbessern.<\/p>\n<p>&nbsp;<\/p>\n<p><img loading=\"lazy\" decoding=\"async\" class=\"alignnone size-full wp-image-930\" src=\"https:\/\/www.znzi.net\/wp-content\/uploads\/2024\/09\/111.gif\" alt=\"\" width=\"1600\" height=\"615\" \/><\/p>\n<p>&nbsp;<\/p>\n<h2 style=\"text-align: center;\">Einige Modelle Decken<\/h2>\n<p><img loading=\"lazy\" decoding=\"async\" class=\"alignnone size-full wp-image-927\" src=\"https:\/\/www.znzi.net\/wp-content\/uploads\/2024\/09\/\u6bef\u5b50-1.gif\" alt=\"\" width=\"1600\" height=\"1800\" \/><\/p>\n<p>&nbsp;<\/p>\n<h2 style=\"text-align: center;\">Tipps zum Aufw\u00e4rmen<\/h2>\n<p>Die Decken sind f\u00fcr die meisten verschiedenen Marken von W\u00e4rmeger\u00e4ten geeignet, aber um eine bessere W\u00e4rmewirkung zu erreichen, empfehlen wir, sie mit unseren eigenen W\u00e4rmeger\u00e4ten zu kombinieren. Wir haben mehrere Ger\u00e4te zur Auswahl.<\/p>","protected":false},"excerpt":{"rendered":"<p><strong>H\u00f6hepunkt:\u00a0\u00a0<\/strong><\/p>\n<ol>\n<li>Die selbstentwickelte automatische Produktionslinie erm\u00f6glicht die schnelle Herstellung verschiedener Modelle und Spezifikationen.<\/li>\n<li class=\"sps2-pdp_details--highlights_item mds-font_paragraph\">Es gibt 32 Arten von Decken, die in R\u00fcckenlage, Bauchlage, Steinschnitt und anderen Positionen verwendet werden k\u00f6nnen.<\/li>\n<\/ol>","protected":false},"featured_media":849,"template":"","meta":{"_seopress_robots_primary_cat":"none","_seopress_titles_title":"","_seopress_titles_desc":"","_seopress_robots_index":"","_gspb_post_css":""},"product_cat":[21,24],"product_tag":[],"class_list":{"0":"post-846","1":"product","2":"type-product","3":"status-publish","4":"has-post-thumbnail","6":"product_cat-temperature-solution","7":"product_cat-warming-blanket","9":"first","10":"instock","11":"shipping-taxable","12":"product-type-simple"},"_links":{"self":[{"href":"https:\/\/www.znzi.net\/de\/wp-json\/wp\/v2\/product\/846"}],"collection":[{"href":"https:\/\/www.znzi.net\/de\/wp-json\/wp\/v2\/product"}],"about":[{"href":"https:\/\/www.znzi.net\/de\/wp-json\/wp\/v2\/types\/product"}],"wp:featuredmedia":[{"embeddable":true,"href":"https:\/\/www.znzi.net\/de\/wp-json\/wp\/v2\/media\/849"}],"wp:attachment":[{"href":"https:\/\/www.znzi.net\/de\/wp-json\/wp\/v2\/media?parent=846"}],"wp:term":[{"taxonomy":"product_cat","embeddable":true,"href":"https:\/\/www.znzi.net\/de\/wp-json\/wp\/v2\/product_cat?post=846"},{"taxonomy":"product_tag","embeddable":true,"href":"https:\/\/www.znzi.net\/de\/wp-json\/wp\/v2\/product_tag?post=846"}],"curies":[{"name":"wp","href":"https:\/\/api.w.org\/{rel}","templated":true}]}}