{"id":811,"date":"2024-09-25T15:50:38","date_gmt":"2024-09-25T07:50:38","guid":{"rendered":"https:\/\/www.znzi.net\/?post_type=product&#038;p=811"},"modified":"2025-12-09T11:05:31","modified_gmt":"2025-12-09T03:05:31","slug":"forced-warming-device-zzst100-200-300-500-600","status":"publish","type":"product","link":"https:\/\/www.znzi.net\/de\/products\/forced-warming-device-zzst100-200-300-500-600\/","title":{"rendered":"Zwangsluft-W\u00e4rmeger\u00e4t ZZST100 \/200\/300\/500\/600"},"content":{"rendered":"<h2 style=\"text-align: center;\"><strong>Beschreibung<\/strong><\/h2>\n<p>Das Produkt besteht haupts\u00e4chlich aus einem Lufterw\u00e4rmungsger\u00e4t und einer W\u00e4rmedecke. Durch die Erw\u00e4rmung der Luft und das Aufblasen der Decke, um den Patienten zu w\u00e4rmen, kann es Hypothermie wirksam verhindern und behandeln.<\/p>\n<p>ZZST100 und ZZST200 sind in klassischer Ausf\u00fchrung, ZZST300, ZZST500, ZZST600 sind in erweiterter Ausf\u00fchrung von ZZST100 und ZZST200.<\/p>\n<p>&nbsp;<\/p>\n<h2 style=\"text-align: center;\">Unterschiedliche Modelle<\/h2>\n<table width=\"971\">\n<tbody>\n<tr>\n<td style=\"text-align: center;\" width=\"151\">Modell<\/p>\n<p>Spez.<\/td>\n<td style=\"text-align: center;\" width=\"164\">ZZST100<\/td>\n<td style=\"text-align: center;\" width=\"164\">ZZST200<\/td>\n<td style=\"text-align: center;\" width=\"164\">ZZST300<\/td>\n<td style=\"text-align: center;\" width=\"164\">ZZST500<\/td>\n<td style=\"text-align: center;\" width=\"164\">ZZST600<\/td>\n<\/tr>\n<tr>\n<td style=\"text-align: center;\">\u00a0Temperatur einstellen<\/td>\n<td style=\"text-align: center;\" width=\"164\">32\u00b0C\/38\u00b0C\/41\u00b0C<br \/>\nGenauigkeit\u00b11,2\u00b0C<\/td>\n<td style=\"text-align: center;\" width=\"164\">31\u00b0C~41\u00b0C<br \/>\n(Schritt um 1\u00b0C)<br \/>\nGenauigkeit\u00b10.9\u00b0C<\/td>\n<td style=\"text-align: center;\" colspan=\"3\" width=\"492\">32\u00b0C~46\u00b0C<br \/>\n(Schritt um 1\u00b0C)<br \/>\nGenauigkeit\u00b10.9\u00b0C<\/td>\n<\/tr>\n<tr>\n<td style=\"text-align: center;\">Luftmenge<\/td>\n<td style=\"text-align: center;\" colspan=\"2\">30\/35\/40 CFM<\/td>\n<td style=\"text-align: center;\">30\/40\/50CFM<\/td>\n<td style=\"text-align: center;\" colspan=\"2\">30\/40\/45\/50\/55CFM<\/td>\n<\/tr>\n<tr>\n<td style=\"text-align: center;\">L\u00e4rm<\/td>\n<td style=\"text-align: center;\" colspan=\"2\">\u226446dB<\/td>\n<td style=\"text-align: center;\" colspan=\"3\">\u226450dB<\/td>\n<\/tr>\n<tr>\n<td style=\"text-align: center;\">Wasserdichte Klasse<\/td>\n<td style=\"text-align: center;\" colspan=\"5\">IPX3<\/td>\n<\/tr>\n<tr>\n<td style=\"text-align: center;\">Gewicht<\/td>\n<td style=\"text-align: center;\" colspan=\"5\">6KGS<\/td>\n<\/tr>\n<tr>\n<td style=\"text-align: center;\" width=\"151\">K\u00f6rpertemperatur.<br \/>\n\u00dcberwachung<\/td>\n<td style=\"text-align: center;\">\u00d7<\/td>\n<td style=\"text-align: center;\">\u00d7<\/td>\n<td style=\"text-align: center;\">\u00d7<\/td>\n<td style=\"text-align: center;\">\u00d7<\/td>\n<td style=\"text-align: center;\">\u221a<\/td>\n<\/tr>\n<tr>\n<td style=\"text-align: center;\" width=\"151\">Luftmenge<br \/>\n\u00dcberwachung<\/td>\n<td style=\"text-align: center;\">\u00d7<\/td>\n<td style=\"text-align: center;\">\u00d7<\/td>\n<td style=\"text-align: center;\">\u00d7<\/td>\n<td style=\"text-align: center;\">\u221a<\/td>\n<td style=\"text-align: center;\">\u221a<\/td>\n<\/tr>\n<tr>\n<td style=\"text-align: center;\" width=\"151\">Automatisch<br \/>\nOperation<\/td>\n<td style=\"text-align: center;\">\u00d7<\/td>\n<td style=\"text-align: center;\">\u00d7<\/td>\n<td style=\"text-align: center;\">\u00d7<\/td>\n<td style=\"text-align: center;\">\u00d7<\/td>\n<td style=\"text-align: center;\">\u221a<\/td>\n<\/tr>\n<\/tbody>\n<\/table>\n<h2><\/h2>\n<p>&nbsp;<\/p>\n<h2 style=\"text-align: center;\">Bemerkung zur Verwendung<\/h2>\n<ol>\n<li id=\"tw-target-text\" class=\"tw-data-text tw-text-large tw-ta\" dir=\"ltr\" data-placeholder=\"Translation\" data-ved=\"2ahUKEwj4xMjl2OmIAxWgdvUHHbNhGWAQ3ewLegQICBAU\" aria-label=\"\u00dcbersetzter Text: Es muss unter professioneller Anleitung verwendet werden.\"><span class=\"Y2IQFc\" lang=\"en\">Die Ger\u00e4te m\u00fcssen unter fachlicher Anleitung verwendet werden.<br \/>\n<\/span><\/li>\n<li dir=\"ltr\" data-placeholder=\"Translation\" data-ved=\"2ahUKEwj4xMjl2OmIAxWgdvUHHbNhGWAQ3ewLegQICBAU\" aria-label=\"\u00dcbersetzter Text: Es muss unter professioneller Anleitung verwendet werden.\">Die Ger\u00e4te m\u00fcssen zusammen mit W\u00e4rmedecken verwendet werden.<\/li>\n<li dir=\"ltr\" data-placeholder=\"Translation\" data-ved=\"2ahUKEwj4xMjl2OmIAxWgdvUHHbNhGWAQ3ewLegQICBAU\" aria-label=\"\u00dcbersetzter Text: Es muss unter professioneller Anleitung verwendet werden.\">Die Ger\u00e4te sind f\u00fcr die meisten verschiedenen Marken von W\u00e4rmedecken geeignet, aber um eine bessere W\u00e4rmewirkung zu erreichen, empfehlen wir, sie mit unseren eigenen Decken zu kombinieren. Wir haben verschiedene Materialien und Gr\u00f6\u00dfe Decken zur Auswahl.<\/li>\n<\/ol>\n<h2><\/h2>\n<h2 style=\"text-align: left;\">\u00a0 \u00a0 \u00a0 \u00a0 \u00a0 \u00a0 \u00a0 \u00a0 \u00a0 \u00a0 \u00a0 \u00a0 \u00a0 \u00a0 \u00a0 \u00a0 \u00a0 \u00a0 \u00a0 \u00a0 \u00a0 \u00a0 \u00a0 \u00a0 Einige Modelle Decken<\/h2>\n<p><img loading=\"lazy\" decoding=\"async\" class=\"alignnone size-full wp-image-927\" src=\"https:\/\/www.znzi.net\/wp-content\/uploads\/2024\/09\/\u6bef\u5b50-1.gif\" alt=\"\" width=\"1600\" height=\"1800\" \/><\/p>","protected":false},"excerpt":{"rendered":"<p>Unser Warmluftw\u00e4rmeger\u00e4t ZZST100\/200\/300\/500\/600 erm\u00f6glicht eine sichere, leise und effektive Erw\u00e4rmung von Patienten vor\/w\u00e4hrend\/nach der Operation.<\/p>\n<p><strong>H\u00f6hepunkt:\u00a0\u00a0<\/strong><\/p>\n<ol>\n<li>Hohe Stabilit\u00e4t<\/li>\n<li>Ger\u00e4uscharm und gro\u00dfe Luftmenge<\/li>\n<li>Hohe Sicherheitsleistung<\/li>\n<li>\u00a0Temp. schneller Anstieg und Abfall<\/li>\n<\/ol>\n<pre id=\"tw-target-text\" class=\"tw-data-text tw-text-large tw-ta\" dir=\"ltr\" data-placeholder=\"\u7ffb\u8bd1\" data-ved=\"2ahUKEwilrfXczN2IAxXUsFYBHUIxEwoQ3ewLegQICBAU\" aria-label=\"\u8bd1\u6587\uff1aEs hat ein gro\u00dfes Luftvolumen und wenig L\u00e4rm\"><\/pre>","protected":false},"featured_media":1128,"template":"","meta":{"_seopress_robots_primary_cat":"none","_seopress_titles_title":"","_seopress_titles_desc":"","_seopress_robots_index":"","_gspb_post_css":""},"product_cat":[21,23,26],"product_tag":[],"class_list":{"0":"post-811","1":"product","2":"type-product","3":"status-publish","4":"has-post-thumbnail","6":"product_cat-temperature-solution","7":"product_cat-warming-instrument","8":"product_cat-forced-air-warmer","10":"first","11":"instock","12":"shipping-taxable","13":"product-type-simple"},"_links":{"self":[{"href":"https:\/\/www.znzi.net\/de\/wp-json\/wp\/v2\/product\/811"}],"collection":[{"href":"https:\/\/www.znzi.net\/de\/wp-json\/wp\/v2\/product"}],"about":[{"href":"https:\/\/www.znzi.net\/de\/wp-json\/wp\/v2\/types\/product"}],"wp:featuredmedia":[{"embeddable":true,"href":"https:\/\/www.znzi.net\/de\/wp-json\/wp\/v2\/media\/1128"}],"wp:attachment":[{"href":"https:\/\/www.znzi.net\/de\/wp-json\/wp\/v2\/media?parent=811"}],"wp:term":[{"taxonomy":"product_cat","embeddable":true,"href":"https:\/\/www.znzi.net\/de\/wp-json\/wp\/v2\/product_cat?post=811"},{"taxonomy":"product_tag","embeddable":true,"href":"https:\/\/www.znzi.net\/de\/wp-json\/wp\/v2\/product_tag?post=811"}],"curies":[{"name":"wp","href":"https:\/\/api.w.org\/{rel}","templated":true}]}}